{"id":30027,"date":"2025-09-29T11:16:18","date_gmt":"2025-09-29T11:16:18","guid":{"rendered":"https:\/\/accrosport.tn\/index.php\/product\/c-cavea-men-2421-negro\/"},"modified":"2026-04-30T18:34:47","modified_gmt":"2026-04-30T18:34:47","slug":"c-cavea-men-2421-negro","status":"publish","type":"product","link":"https:\/\/accrosport.tn\/index.php\/product\/c-cavea-men-2421-negro\/","title":{"rendered":"Chaussures joma pour Homme Cavea Hommes 2421 Noir"},"content":{"rendered":"<p>Baskets d\u00e9contract\u00e9es pour hommes. Nouveau mod\u00e8le de chaussures de sport \u00e0 usage quotidien inspir\u00e9 de la mode urbaine. Confort sup\u00e9rieur gr\u00e2ce \u00e0 l&rsquo;incorporation de la semelle int\u00e9rieure Memory Foam.<\/p>\n<p>Tige construite avec du cuir synth\u00e9tique, un mat\u00e9riau facile \u00e0 entretenir qui offre une r\u00e9sistance et une durabilit\u00e9 \u00e9lev\u00e9es. Dans les domaines strat\u00e9giques, le syst\u00e8me de forage VTS a \u00e9t\u00e9 appliqu\u00e9 Cette technologie assure la ventilation de la sueur.<\/p>\n<p>Semelle int\u00e9rieure MEMORY FOAM en mousse et base EVA thermoform\u00e9e pour s&rsquo;adapter pleinement \u00e0 l&#8217;empreinte et la ramollir. Il est d\u00e9sormais plus respirant gr\u00e2ce \u00e0 l&rsquo;application du syst\u00e8me de perforation VTS.<\/p>\n<p>Semelle en caoutchouc DURABILITY avec haute r\u00e9sistance au frottement et \u00e0 l&rsquo;usure.<\/p>\n<p>&nbsp;<\/p>\n<p>&nbsp;<\/p>\n","protected":false},"excerpt":{"rendered":"<p>Baskets d\u00e9contract\u00e9es pour hommes. Nouveau mod\u00e8le de sneaker d\u00e9contract\u00e9 inspir\u00e9 de la mode urbaine. Memory Foam offre un confort sup\u00e9rieur gr\u00e2ce \u00e0 l&rsquo;ajout de la base int\u00e9rieure. Le dessus est en cuir synth\u00e9tique, un mat\u00e9riau facile \u00e0 entretenir qui offre un haut niveau de durabilit\u00e9. Le syst\u00e8me de ventilation VTS a \u00e9t\u00e9 mis en \u0153uvre dans des domaines strat\u00e9giques.<\/p>\n","protected":false},"featured_media":34090,"template":"","meta":[],"product_brand":[],"product_cat":[78,61,33],"product_tag":[],"class_list":{"0":"post-30027","1":"product","2":"type-product","3":"status-publish","4":"has-post-thumbnail","6":"product_cat-casual","7":"product_cat-chaussures-homme","8":"product_cat-homme","9":"pa_couleur-noir","10":"pa_taille-645","11":"pa_taille-646","12":"pa_taille-649","13":"pa_taille-650","14":"pa_taille-651","15":"pa_taille-653","16":"pa_taille-656","18":"first","19":"outofstock","20":"sale","21":"purchasable","22":"product-type-variable"},"_links":{"self":[{"href":"https:\/\/accrosport.tn\/index.php\/wp-json\/wp\/v2\/product\/30027","targetHints":{"allow":["GET"]}}],"collection":[{"href":"https:\/\/accrosport.tn\/index.php\/wp-json\/wp\/v2\/product"}],"about":[{"href":"https:\/\/accrosport.tn\/index.php\/wp-json\/wp\/v2\/types\/product"}],"wp:featuredmedia":[{"embeddable":true,"href":"https:\/\/accrosport.tn\/index.php\/wp-json\/wp\/v2\/media\/34090"}],"wp:attachment":[{"href":"https:\/\/accrosport.tn\/index.php\/wp-json\/wp\/v2\/media?parent=30027"}],"wp:term":[{"taxonomy":"product_brand","embeddable":true,"href":"https:\/\/accrosport.tn\/index.php\/wp-json\/wp\/v2\/product_brand?post=30027"},{"taxonomy":"product_cat","embeddable":true,"href":"https:\/\/accrosport.tn\/index.php\/wp-json\/wp\/v2\/product_cat?post=30027"},{"taxonomy":"product_tag","embeddable":true,"href":"https:\/\/accrosport.tn\/index.php\/wp-json\/wp\/v2\/product_tag?post=30027"}],"curies":[{"name":"wp","href":"https:\/\/api.w.org\/{rel}","templated":true}]}}