{"id":30019,"date":"2025-09-29T11:16:18","date_gmt":"2025-09-29T11:16:18","guid":{"rendered":"https:\/\/accrosport.tn\/index.php\/product\/c-cavea-men-2402-blanco\/"},"modified":"2026-03-11T12:46:43","modified_gmt":"2026-03-11T12:46:43","slug":"c-cavea-men-2402-blanco","status":"publish","type":"product","link":"https:\/\/accrosport.tn\/index.php\/product\/c-cavea-men-2402-blanco\/","title":{"rendered":"Chaussures casual C.Cavea Men 2402 homme blanc"},"content":{"rendered":"<p>Chaussures d\u00e9contract\u00e9es pour hommes. Nouveau mod\u00e8le de baskets pour un usage quotidien inspir\u00e9 de la mode urbaine. Confort sup\u00e9rieur gr\u00e2ce \u00e0 l&rsquo;incorporation de la semelle Memory Foam.<\/p>\n<p>Empeigne en cuir synth\u00e9tique, un mat\u00e9riau facile \u00e0 entretenir qui offre une grande r\u00e9sistance et durabilit\u00e9. Dans des zones strat\u00e9giques, le syst\u00e8me de perforations VTS a \u00e9t\u00e9 appliqu\u00e9. Cette technologie assure la ventilation de la transpiration.<\/p>\n<p>Semelle int\u00e9rieure MEMORY FOAM fabriqu\u00e9e avec de la mousse et une base en EVA thermoform\u00e9e pour s&rsquo;adapter parfaitement \u00e0 la foul\u00e9e et la rendre plus douce. Elle est maintenant plus respirante gr\u00e2ce \u00e0 l&rsquo;application du syst\u00e8me de perforations VTS.<\/p>\n<p>Semelle en caoutchouc DURABILITY r\u00e9sistante \u00e0 l&rsquo;abrasion et \u00e0 l&rsquo;usure \u00e9lev\u00e9e.<\/p>\n<ul class=\"featuresul\">\n<li>Dessus en cuir synth\u00e9tique avec syst\u00e8me de ventilation VTS<\/li>\n<li>Semelle en MOUSSE \u00c0 M\u00c9MOIRE DE FORME<\/li>\n<li>Semelle ext\u00e9rieure DURABILITY en caoutchouc<\/li>\n<\/ul>\n","protected":false},"excerpt":{"rendered":"<p>Chaussures d\u00e9contract\u00e9es pour hommes. Nouveau mod\u00e8le de baskets pour un usage quotidien inspir\u00e9 de la mode urbaine. Confort sup\u00e9rieur gr\u00e2ce \u00e0 l&rsquo;incorporation de la semelle Memory Foam.<\/p>\n","protected":false},"featured_media":34085,"template":"","meta":[],"product_brand":[],"product_cat":[78,61,33],"product_tag":[],"class_list":{"0":"post-30019","1":"product","2":"type-product","3":"status-publish","4":"has-post-thumbnail","6":"product_cat-casual","7":"product_cat-chaussures-homme","8":"product_cat-homme","9":"pa_couleur-white","10":"pa_taille-645","11":"pa_taille-646","12":"pa_taille-649","13":"pa_taille-650","14":"pa_taille-651","15":"pa_taille-653","16":"pa_taille-656","18":"first","19":"outofstock","20":"sale","21":"purchasable","22":"product-type-variable"},"_links":{"self":[{"href":"https:\/\/accrosport.tn\/index.php\/wp-json\/wp\/v2\/product\/30019","targetHints":{"allow":["GET"]}}],"collection":[{"href":"https:\/\/accrosport.tn\/index.php\/wp-json\/wp\/v2\/product"}],"about":[{"href":"https:\/\/accrosport.tn\/index.php\/wp-json\/wp\/v2\/types\/product"}],"wp:featuredmedia":[{"embeddable":true,"href":"https:\/\/accrosport.tn\/index.php\/wp-json\/wp\/v2\/media\/34085"}],"wp:attachment":[{"href":"https:\/\/accrosport.tn\/index.php\/wp-json\/wp\/v2\/media?parent=30019"}],"wp:term":[{"taxonomy":"product_brand","embeddable":true,"href":"https:\/\/accrosport.tn\/index.php\/wp-json\/wp\/v2\/product_brand?post=30019"},{"taxonomy":"product_cat","embeddable":true,"href":"https:\/\/accrosport.tn\/index.php\/wp-json\/wp\/v2\/product_cat?post=30019"},{"taxonomy":"product_tag","embeddable":true,"href":"https:\/\/accrosport.tn\/index.php\/wp-json\/wp\/v2\/product_tag?post=30019"}],"curies":[{"name":"wp","href":"https:\/\/api.w.org\/{rel}","templated":true}]}}