{"id":30014,"date":"2025-09-29T11:16:12","date_gmt":"2025-09-29T11:16:12","guid":{"rendered":"https:\/\/accrosport.tn\/index.php\/product\/c-cavea-men-2401-blanco-negro\/"},"modified":"2025-10-15T15:12:43","modified_gmt":"2025-10-15T15:12:43","slug":"c-cavea-men-2401-blanco-negro","status":"publish","type":"product","link":"https:\/\/accrosport.tn\/index.php\/product\/c-cavea-men-2401-blanco-negro\/","title":{"rendered":"Basket Casual Homme CAVEA MEN 2401 Blanc noir"},"content":{"rendered":"<p>Accrosport met en vente de Chaussure homme joma. Semelle interm\u00e9diaire bonne en amortissement et r\u00e9activit\u00e9 qui absorbe les chocs, donne de l\u2019impulsion au coureur et apporte du confort. La semelle ext\u00e9rieure est fabriqu\u00e9e en caoutchouc DURABILITY de grande qualit\u00e9 et r\u00e9sistant \u00e0 l\u2019abrasion sur l\u2019asphalte. Elle comprend une pi\u00e8ce STABILIS dans la cambrure pour \u00e9viter les torsions inutiles et assurer la stabilit\u00e9. La semelle int\u00e9rieure est en mousse \u00e0 m\u00e9moire de forme double densit\u00e9. La semelle est en caoutchouc.<\/p>\n","protected":false},"excerpt":{"rendered":"<p>Chaussure pour homme de la marque joma. Adapt\u00e9 \u00e0 un usage quotidien et id\u00e9al pour les coureurs qui cherchent \u00e0 s\u2019entra\u00eener en profitant d\u2019un excellent amortissement et de stabilit\u00e9. Le mod\u00e8le est textile. Semelle interm\u00e9diaire en Phylon. Semelle en caoutchouc.<\/p>\n","protected":false},"featured_media":34106,"template":"","meta":[],"product_brand":[],"product_cat":[78,61,33],"product_tag":[],"class_list":{"0":"post-30014","1":"product","2":"type-product","3":"status-publish","4":"has-post-thumbnail","6":"product_cat-casual","7":"product_cat-chaussures-homme","8":"product_cat-homme","9":"pa_couleur-white-black","10":"pa_taille-649","11":"pa_taille-650","12":"pa_taille-651","13":"pa_taille-653","15":"first","16":"outofstock","17":"sale","18":"purchasable","19":"product-type-variable"},"_links":{"self":[{"href":"https:\/\/accrosport.tn\/index.php\/wp-json\/wp\/v2\/product\/30014","targetHints":{"allow":["GET"]}}],"collection":[{"href":"https:\/\/accrosport.tn\/index.php\/wp-json\/wp\/v2\/product"}],"about":[{"href":"https:\/\/accrosport.tn\/index.php\/wp-json\/wp\/v2\/types\/product"}],"wp:featuredmedia":[{"embeddable":true,"href":"https:\/\/accrosport.tn\/index.php\/wp-json\/wp\/v2\/media\/34106"}],"wp:attachment":[{"href":"https:\/\/accrosport.tn\/index.php\/wp-json\/wp\/v2\/media?parent=30014"}],"wp:term":[{"taxonomy":"product_brand","embeddable":true,"href":"https:\/\/accrosport.tn\/index.php\/wp-json\/wp\/v2\/product_brand?post=30014"},{"taxonomy":"product_cat","embeddable":true,"href":"https:\/\/accrosport.tn\/index.php\/wp-json\/wp\/v2\/product_cat?post=30014"},{"taxonomy":"product_tag","embeddable":true,"href":"https:\/\/accrosport.tn\/index.php\/wp-json\/wp\/v2\/product_tag?post=30014"}],"curies":[{"name":"wp","href":"https:\/\/api.w.org\/{rel}","templated":true}]}}