{"id":29985,"date":"2025-09-29T11:16:07","date_gmt":"2025-09-29T11:16:07","guid":{"rendered":"https:\/\/accrosport.tn\/index.php\/product\/c-200-men-2412-gris-marino\/"},"modified":"2026-02-11T09:14:12","modified_gmt":"2026-02-11T09:14:12","slug":"c-200-men-2412-gris-marino","status":"publish","type":"product","link":"https:\/\/accrosport.tn\/index.php\/product\/c-200-men-2412-gris-marino\/","title":{"rendered":"Baskets pour hommes Joma 200 MEN 2412 bleu marine gris"},"content":{"rendered":"<p>Baskets d\u00e9contract\u00e9es pour hommes, id\u00e9ales pour un usage quotidien. Son design classique et \u00e9l\u00e9gant apporte le confort n\u00e9cessaire \u00e0 tout look quotidien.<\/p>\n<p>Tige en tissu respirant et cuir, alliant l\u00e9g\u00e8ret\u00e9, flexibilit\u00e9 et durabilit\u00e9. Son esth\u00e9tique sophistiqu\u00e9e offre une polyvalence donnant \u00e0 ces baskets de sport une multitude d&rsquo;utilisations.<\/p>\n<p>Semelle interm\u00e9diaire en phylon, un mat\u00e9riau l\u00e9ger qui absorbe chaque impact. De plus, comporte une pi\u00e8ce stabilisatrice \u00e0 l&rsquo;arri\u00e8re.<\/p>\n","protected":false},"excerpt":{"rendered":"<p>Baskets d\u00e9contract\u00e9es pour hommes, id\u00e9ales pour un usage quotidien. Son design classique et \u00e9l\u00e9gant apporte le confort n\u00e9cessaire \u00e0 tout look quotidien.<\/p>\n","protected":false},"featured_media":34109,"template":"","meta":[],"product_brand":[],"product_cat":[78,61,33],"product_tag":[],"class_list":{"0":"post-29985","1":"product","2":"type-product","3":"status-publish","4":"has-post-thumbnail","6":"product_cat-casual","7":"product_cat-chaussures-homme","8":"product_cat-homme","9":"pa_couleur-gray-navy-blue","10":"pa_taille-645","11":"pa_taille-646","12":"pa_taille-649","13":"pa_taille-650","14":"pa_taille-651","15":"pa_taille-653","17":"first","18":"outofstock","19":"sale","20":"purchasable","21":"product-type-variable"},"_links":{"self":[{"href":"https:\/\/accrosport.tn\/index.php\/wp-json\/wp\/v2\/product\/29985","targetHints":{"allow":["GET"]}}],"collection":[{"href":"https:\/\/accrosport.tn\/index.php\/wp-json\/wp\/v2\/product"}],"about":[{"href":"https:\/\/accrosport.tn\/index.php\/wp-json\/wp\/v2\/types\/product"}],"wp:featuredmedia":[{"embeddable":true,"href":"https:\/\/accrosport.tn\/index.php\/wp-json\/wp\/v2\/media\/34109"}],"wp:attachment":[{"href":"https:\/\/accrosport.tn\/index.php\/wp-json\/wp\/v2\/media?parent=29985"}],"wp:term":[{"taxonomy":"product_brand","embeddable":true,"href":"https:\/\/accrosport.tn\/index.php\/wp-json\/wp\/v2\/product_brand?post=29985"},{"taxonomy":"product_cat","embeddable":true,"href":"https:\/\/accrosport.tn\/index.php\/wp-json\/wp\/v2\/product_cat?post=29985"},{"taxonomy":"product_tag","embeddable":true,"href":"https:\/\/accrosport.tn\/index.php\/wp-json\/wp\/v2\/product_tag?post=29985"}],"curies":[{"name":"wp","href":"https:\/\/api.w.org\/{rel}","templated":true}]}}