{"id":29981,"date":"2025-09-29T11:16:07","date_gmt":"2025-09-29T11:16:07","guid":{"rendered":"https:\/\/accrosport.tn\/index.php\/product\/c-200-men-2403-marino\/"},"modified":"2025-12-23T13:34:25","modified_gmt":"2025-12-23T13:34:25","slug":"c-200-men-2403-marino","status":"publish","type":"product","link":"https:\/\/accrosport.tn\/index.php\/product\/c-200-men-2403-marino\/","title":{"rendered":"Chaussures joma pour homme 2403 bleu marine"},"content":{"rendered":"<p>Chaussure de sport de style d\u00e9contract\u00e9 r\u00e9tro pour homme, de la marque \u201cJOMA\u201d, mod\u00e8le C.200 MEN 2403, confectionn\u00e9e en coupe mixte avec tissage en similicuir et daim synth\u00e9tique, en bleu marine. Fermeture en dentelle bleue. Col et langue rembourr\u00e9s. D\u00e9corations : \u201cC\u00f4t\u00e9 J\u201c en similicuir, avec le logo de la marque \u00e9galement en ton bleu, et bord\u00e9 de surpiq\u00fbres, il a une pi\u00e8ce au dos \u00e9galement en similicuir, avec bord blanc et d\u00e9tails int\u00e9rieurs, et les lettres de la marque, en plus de surpiq\u00fbres. Doublure bleu marine et semelle int\u00e9rieure amovible bleu pratique, toutes deux en coupe textile.<\/p>\n","protected":false},"excerpt":{"rendered":"<p>Chaussure de sport de style d\u00e9contract\u00e9 r\u00e9tro pour homme, de la marque \u201cJOMA\u201d, mod\u00e8le C.200 MEN 2403, confectionn\u00e9e en coupe mixte avec tissage en similicuir et daim synth\u00e9tique, en bleu marine.<\/p>\n","protected":false},"featured_media":34117,"template":"","meta":[],"product_brand":[],"product_cat":[78,61,33],"product_tag":[],"class_list":{"0":"post-29981","1":"product","2":"type-product","3":"status-publish","4":"has-post-thumbnail","6":"product_cat-casual","7":"product_cat-chaussures-homme","8":"product_cat-homme","9":"pa_couleur-navy-blue","10":"pa_taille-646","11":"pa_taille-649","12":"pa_taille-651","14":"first","15":"outofstock","16":"sale","17":"purchasable","18":"product-type-variable"},"_links":{"self":[{"href":"https:\/\/accrosport.tn\/index.php\/wp-json\/wp\/v2\/product\/29981","targetHints":{"allow":["GET"]}}],"collection":[{"href":"https:\/\/accrosport.tn\/index.php\/wp-json\/wp\/v2\/product"}],"about":[{"href":"https:\/\/accrosport.tn\/index.php\/wp-json\/wp\/v2\/types\/product"}],"wp:featuredmedia":[{"embeddable":true,"href":"https:\/\/accrosport.tn\/index.php\/wp-json\/wp\/v2\/media\/34117"}],"wp:attachment":[{"href":"https:\/\/accrosport.tn\/index.php\/wp-json\/wp\/v2\/media?parent=29981"}],"wp:term":[{"taxonomy":"product_brand","embeddable":true,"href":"https:\/\/accrosport.tn\/index.php\/wp-json\/wp\/v2\/product_brand?post=29981"},{"taxonomy":"product_cat","embeddable":true,"href":"https:\/\/accrosport.tn\/index.php\/wp-json\/wp\/v2\/product_cat?post=29981"},{"taxonomy":"product_tag","embeddable":true,"href":"https:\/\/accrosport.tn\/index.php\/wp-json\/wp\/v2\/product_tag?post=29981"}],"curies":[{"name":"wp","href":"https:\/\/api.w.org\/{rel}","templated":true}]}}