{"id":29975,"date":"2025-09-29T11:16:07","date_gmt":"2025-09-29T11:16:07","guid":{"rendered":"https:\/\/accrosport.tn\/index.php\/product\/c-200-men-2401-negro\/"},"modified":"2025-10-16T08:24:30","modified_gmt":"2025-10-16T08:24:30","slug":"c-200-men-2401-negro","status":"publish","type":"product","link":"https:\/\/accrosport.tn\/index.php\/product\/c-200-men-2401-negro\/","title":{"rendered":"Chaussures joma pour homme C.200 2401 noir"},"content":{"rendered":"<p>Baskets d\u00e9contract\u00e9es pour hommes, id\u00e9ales pour un usage quotidien. Son design classique et \u00e9l\u00e9gant apporte le confort n\u00e9cessaire \u00e0 tout look quotidien.<\/p>\n<p>Tige en tissu respirant et cuir, alliant l\u00e9g\u00e8ret\u00e9, flexibilit\u00e9 et durabilit\u00e9. Son esth\u00e9tique sophistiqu\u00e9e offre une polyvalence donnant \u00e0 ces baskets de sport une multitude d&rsquo;utilisations.<\/p>\n<p>Semelle interm\u00e9diaire en phylon, un mat\u00e9riau l\u00e9ger qui absorbe chaque impact. De plus, comporte une pi\u00e8ce stabilisatrice \u00e0 l&rsquo;arri\u00e8re.<\/p>\n<p>DURABILIT\u00c9 semelle ext\u00e9rieure en caoutchouc r\u00e9sistante \u00e0 l&rsquo;usure prolongeant la dur\u00e9e de vie des baskets.<\/p>\n","protected":false},"excerpt":{"rendered":"<p>Baskets d\u00e9contract\u00e9es pour hommes, id\u00e9ales pour un usage quotidien. Son design classique et \u00e9l\u00e9gant apporte le confort n\u00e9cessaire \u00e0 tout look quotidien.<\/p>\n","protected":false},"featured_media":34111,"template":"","meta":[],"product_brand":[],"product_cat":[78,61,33],"product_tag":[],"class_list":{"0":"post-29975","1":"product","2":"type-product","3":"status-publish","4":"has-post-thumbnail","6":"product_cat-casual","7":"product_cat-chaussures-homme","8":"product_cat-homme","9":"pa_couleur-noir","10":"pa_taille-649","11":"pa_taille-650","12":"pa_taille-651","13":"pa_taille-653","14":"pa_taille-656","16":"first","17":"outofstock","18":"sale","19":"purchasable","20":"product-type-variable"},"_links":{"self":[{"href":"https:\/\/accrosport.tn\/index.php\/wp-json\/wp\/v2\/product\/29975","targetHints":{"allow":["GET"]}}],"collection":[{"href":"https:\/\/accrosport.tn\/index.php\/wp-json\/wp\/v2\/product"}],"about":[{"href":"https:\/\/accrosport.tn\/index.php\/wp-json\/wp\/v2\/types\/product"}],"wp:featuredmedia":[{"embeddable":true,"href":"https:\/\/accrosport.tn\/index.php\/wp-json\/wp\/v2\/media\/34111"}],"wp:attachment":[{"href":"https:\/\/accrosport.tn\/index.php\/wp-json\/wp\/v2\/media?parent=29975"}],"wp:term":[{"taxonomy":"product_brand","embeddable":true,"href":"https:\/\/accrosport.tn\/index.php\/wp-json\/wp\/v2\/product_brand?post=29975"},{"taxonomy":"product_cat","embeddable":true,"href":"https:\/\/accrosport.tn\/index.php\/wp-json\/wp\/v2\/product_cat?post=29975"},{"taxonomy":"product_tag","embeddable":true,"href":"https:\/\/accrosport.tn\/index.php\/wp-json\/wp\/v2\/product_tag?post=29975"}],"curies":[{"name":"wp","href":"https:\/\/api.w.org\/{rel}","templated":true}]}}