{"id":29949,"date":"2025-09-29T09:39:18","date_gmt":"2025-09-29T09:39:18","guid":{"rendered":"https:\/\/accrosport.tn\/index.php\/product\/c1400-men-2424-beige-marron\/"},"modified":"2026-03-11T12:46:41","modified_gmt":"2026-03-11T12:46:41","slug":"c1400-men-2424-beige-marron","status":"publish","type":"product","link":"https:\/\/accrosport.tn\/index.php\/product\/c1400-men-2424-beige-marron\/","title":{"rendered":"Chaussures casual C1400 Men 2424 homme beige marron"},"content":{"rendered":"<p>Chaussures casual pour hommes. Nouveau mod\u00e8le pour un usage quotidien avec un design innovant et tendance. Voici la r\u00e9interpr\u00e9tation des baskets classiques. De plus, une partie des mat\u00e9riaux utilis\u00e9s sont recycl\u00e9s. Avec elles, Joma se joint \u00e0 la mode durable.<\/p>\n<p>La tige est principalement fabriqu\u00e9e en cuir synth\u00e9tique, ce qui lui conf\u00e8re l\u00e9g\u00e8ret\u00e9, flexibilit\u00e9, r\u00e9sistance \u00e9lev\u00e9e et \u00e9l\u00e9gance. De plus, elle comporte une partie en textile respirant.<\/p>\n<p>La semelle interm\u00e9diaire est fabriqu\u00e9e avec du phylon recycl\u00e9, un mat\u00e9riau l\u00e9ger, flexible et capable d&rsquo;absorber les chocs, qui en plus respecte l&rsquo;environnement. Son agencement en lignes ondul\u00e9es de mani\u00e8re exag\u00e9r\u00e9e am\u00e9liore l&rsquo;amorti.Chaussures casual pour hommes. Nouveau mod\u00e8le pour un usage quotidien avec un design innovant et tendance. Voici la r\u00e9interpr\u00e9tation des baskets classiques. De plus, une partie des mat\u00e9riaux utilis\u00e9s sont recycl\u00e9s. Avec elles, Joma se joint \u00e0 la mode durable<\/p>\n<p>La semelle en caoutchouc DURABILITY recycl\u00e9 est tr\u00e8s r\u00e9sistante \u00e0 l&rsquo;usure.<\/p>\n<ul class=\"featuresul\">\n<li>Tige en cuir synth\u00e9tique<\/li>\n<li>Semelle interm\u00e9diaire en phylon<\/li>\n<li>Semelle ext\u00e9rieure DURABILITY en caoutchouc<\/li>\n<li>Une partie de la chaussure a \u00e9t\u00e9 fabriqu\u00e9e \u00e0 partir de mat\u00e9riaux recycl\u00e9s<\/li>\n<\/ul>\n","protected":false},"excerpt":{"rendered":"<p>Chaussures casual pour hommes. Nouveau mod\u00e8le pour un usage quotidien avec un design innovant et tendance. Voici la r\u00e9interpr\u00e9tation des baskets classiques. De plus, une partie des mat\u00e9riaux utilis\u00e9s sont recycl\u00e9s. Avec elles, Joma se joint \u00e0 la mode durable<\/p>\n","protected":false},"featured_media":34122,"template":"","meta":[],"product_brand":[],"product_cat":[78,61,33],"product_tag":[],"class_list":{"0":"post-29949","1":"product","2":"type-product","3":"status-publish","4":"has-post-thumbnail","6":"product_cat-casual","7":"product_cat-chaussures-homme","8":"product_cat-homme","9":"pa_couleur-beige-brown","10":"pa_taille-645","11":"pa_taille-646","12":"pa_taille-649","13":"pa_taille-650","14":"pa_taille-651","15":"pa_taille-653","17":"first","18":"instock","19":"sale","20":"purchasable","21":"product-type-variable"},"_links":{"self":[{"href":"https:\/\/accrosport.tn\/index.php\/wp-json\/wp\/v2\/product\/29949","targetHints":{"allow":["GET"]}}],"collection":[{"href":"https:\/\/accrosport.tn\/index.php\/wp-json\/wp\/v2\/product"}],"about":[{"href":"https:\/\/accrosport.tn\/index.php\/wp-json\/wp\/v2\/types\/product"}],"wp:featuredmedia":[{"embeddable":true,"href":"https:\/\/accrosport.tn\/index.php\/wp-json\/wp\/v2\/media\/34122"}],"wp:attachment":[{"href":"https:\/\/accrosport.tn\/index.php\/wp-json\/wp\/v2\/media?parent=29949"}],"wp:term":[{"taxonomy":"product_brand","embeddable":true,"href":"https:\/\/accrosport.tn\/index.php\/wp-json\/wp\/v2\/product_brand?post=29949"},{"taxonomy":"product_cat","embeddable":true,"href":"https:\/\/accrosport.tn\/index.php\/wp-json\/wp\/v2\/product_cat?post=29949"},{"taxonomy":"product_tag","embeddable":true,"href":"https:\/\/accrosport.tn\/index.php\/wp-json\/wp\/v2\/product_tag?post=29949"}],"curies":[{"name":"wp","href":"https:\/\/api.w.org\/{rel}","templated":true}]}}