{"id":29939,"date":"2025-09-29T09:39:18","date_gmt":"2025-09-29T09:39:18","guid":{"rendered":"https:\/\/accrosport.tn\/index.php\/product\/c-comodity-lady-807-pink\/"},"modified":"2025-09-29T11:20:58","modified_gmt":"2025-09-29T11:20:58","slug":"c-comodity-lady-807-pink","status":"publish","type":"product","link":"https:\/\/accrosport.tn\/index.php\/product\/c-comodity-lady-807-pink\/","title":{"rendered":"Chaussure femme C.COMODITY LADY 807 Rose"},"content":{"rendered":"<p><strong>CARACT\u00c9RISTIQUES<\/strong><\/p>\n<p>Tige en cuir et nylon<br \/>\nMediasuela de phylon<br \/>\nSemelle en caoutchouc<\/p>\n","protected":false},"excerpt":{"rendered":"<p>Accrosport mets en vente Mod\u00e8le de mode JOMA en Tunisie. R\u00e9tro adapt\u00e9 \u00e0 un usage quotidien. La coupe a \u00e9t\u00e9 faite de nylon et de cuir. Le mod\u00e8le est textile. Semelle interm\u00e9diaire en Phylon. Semelle en caoutchouc.<\/p>\n","protected":false},"featured_media":29968,"template":"","meta":[],"product_brand":[],"product_cat":[80,57,42],"product_tag":[],"class_list":{"0":"post-29939","1":"product","2":"type-product","3":"status-publish","4":"has-post-thumbnail","6":"product_cat-chaussures-casual-femme-tunisie","7":"product_cat-chaussures","8":"product_cat-femme","9":"pa_couleur-rosa","10":"pa_taille-641","11":"pa_taille-643","12":"pa_taille-644","13":"pa_taille-645","15":"first","16":"outofstock","17":"purchasable","18":"product-type-variable"},"_links":{"self":[{"href":"https:\/\/accrosport.tn\/index.php\/wp-json\/wp\/v2\/product\/29939","targetHints":{"allow":["GET"]}}],"collection":[{"href":"https:\/\/accrosport.tn\/index.php\/wp-json\/wp\/v2\/product"}],"about":[{"href":"https:\/\/accrosport.tn\/index.php\/wp-json\/wp\/v2\/types\/product"}],"wp:featuredmedia":[{"embeddable":true,"href":"https:\/\/accrosport.tn\/index.php\/wp-json\/wp\/v2\/media\/29968"}],"wp:attachment":[{"href":"https:\/\/accrosport.tn\/index.php\/wp-json\/wp\/v2\/media?parent=29939"}],"wp:term":[{"taxonomy":"product_brand","embeddable":true,"href":"https:\/\/accrosport.tn\/index.php\/wp-json\/wp\/v2\/product_brand?post=29939"},{"taxonomy":"product_cat","embeddable":true,"href":"https:\/\/accrosport.tn\/index.php\/wp-json\/wp\/v2\/product_cat?post=29939"},{"taxonomy":"product_tag","embeddable":true,"href":"https:\/\/accrosport.tn\/index.php\/wp-json\/wp\/v2\/product_tag?post=29939"}],"curies":[{"name":"wp","href":"https:\/\/api.w.org\/{rel}","templated":true}]}}