{"id":29918,"date":"2025-09-29T09:39:12","date_gmt":"2025-09-29T09:39:12","guid":{"rendered":"https:\/\/accrosport.tn\/index.php\/product\/banador-shark-iii-marino\/"},"modified":"2025-10-14T09:53:24","modified_gmt":"2025-10-14T09:53:24","slug":"banador-shark-iii-marino","status":"publish","type":"product","link":"https:\/\/accrosport.tn\/index.php\/product\/banador-shark-iii-marino\/","title":{"rendered":"Maillot de bain femme Shark III bleu marine"},"content":{"rendered":"<p>Il pr\u00e9sente un d\u00e9collet\u00e9 rond haut et un dos de type nageur. Ce type de dos lib\u00e8re les omoplates et permet une totale libert\u00e9 de mouvement. De plus, avec les bonnets amovibles sur la poitrine, il offre un maintien moyen-\u00e9lev\u00e9, adapt\u00e9 au niveau d&rsquo;impact de la natation.<\/p>\n<p>Fabriqu\u00e9 en polyamide, un tissu \u00e0 s\u00e9chage rapide pour un plus grand confort apr\u00e8s la sortie de l&rsquo;eau. De plus, ce mat\u00e9riau est compl\u00e9t\u00e9 par des fibres \u00e9lastiques en spandex, qui aident le maillot de bain \u00e0 s&rsquo;adapter \u00e0 la forme physique de la sportive. De m\u00eame, gr\u00e2ce \u00e0 sa finition r\u00e9sistante au chlore, la durabilit\u00e9 de cette pi\u00e8ce est maximis\u00e9e.<\/p>\n<p>Design avec des d\u00e9tails du logo Joma personnalis\u00e9 en impression.<\/p>\n","protected":false},"excerpt":{"rendered":"<p>Maillot de bain sportif pour femme. Destin\u00e9 \u00e0 l&rsquo;entra\u00eenement et \u00e0 la comp\u00e9tition dans la pratique de la natation.<\/p>\n","protected":false},"featured_media":30475,"template":"","meta":[],"product_brand":[],"product_cat":[42],"product_tag":[],"class_list":{"0":"post-29918","1":"product","2":"type-product","3":"status-publish","4":"has-post-thumbnail","6":"product_cat-femme","7":"pa_couleur-navy-blue","8":"pa_taille-l","9":"pa_taille-m","10":"pa_taille-s","11":"pa_taille-xl","13":"first","14":"instock","15":"purchasable","16":"product-type-variable"},"_links":{"self":[{"href":"https:\/\/accrosport.tn\/index.php\/wp-json\/wp\/v2\/product\/29918","targetHints":{"allow":["GET"]}}],"collection":[{"href":"https:\/\/accrosport.tn\/index.php\/wp-json\/wp\/v2\/product"}],"about":[{"href":"https:\/\/accrosport.tn\/index.php\/wp-json\/wp\/v2\/types\/product"}],"wp:featuredmedia":[{"embeddable":true,"href":"https:\/\/accrosport.tn\/index.php\/wp-json\/wp\/v2\/media\/30475"}],"wp:attachment":[{"href":"https:\/\/accrosport.tn\/index.php\/wp-json\/wp\/v2\/media?parent=29918"}],"wp:term":[{"taxonomy":"product_brand","embeddable":true,"href":"https:\/\/accrosport.tn\/index.php\/wp-json\/wp\/v2\/product_brand?post=29918"},{"taxonomy":"product_cat","embeddable":true,"href":"https:\/\/accrosport.tn\/index.php\/wp-json\/wp\/v2\/product_cat?post=29918"},{"taxonomy":"product_tag","embeddable":true,"href":"https:\/\/accrosport.tn\/index.php\/wp-json\/wp\/v2\/product_tag?post=29918"}],"curies":[{"name":"wp","href":"https:\/\/api.w.org\/{rel}","templated":true}]}}