{"id":29910,"date":"2025-09-29T09:39:06","date_gmt":"2025-09-29T09:39:06","guid":{"rendered":"https:\/\/accrosport.tn\/index.php\/product\/falda-challenge-verde\/"},"modified":"2025-10-16T15:27:53","modified_gmt":"2025-10-16T15:27:53","slug":"falda-challenge-verde","status":"publish","type":"product","link":"https:\/\/accrosport.tn\/index.php\/product\/falda-challenge-verde\/","title":{"rendered":"Jupe Joma Challenge Vert"},"content":{"rendered":"<p>Jupe de tennis et de padel pour l&rsquo;entra\u00eenement et la comp\u00e9tition. Son design \u00e9l\u00e9gant avec des vols en bas qui lui donnent un l\u00e9ger vol attirera votre attention. Avec maille \u00e9lastique int\u00e9gr\u00e9e pour plus de couverture et de confort.<\/p>\n<p>Il a une taille \u00e9lastique, qui s&rsquo;ajuste \u00e0 la forme physique du joueur et fixe le v\u00eatement \u00e0 tout moment. Equip\u00e9 d&rsquo;un grillage int\u00e9rieur, facilitant la libert\u00e9 de mouvement, il \u00e9vite \u00e9galement les frottements gr\u00e2ce \u00e0 la construction avec des coutures plates situ\u00e9es dans des zones plus sensibles \u00e0 l&rsquo;apparition d&rsquo;irritations, comme l&rsquo;aine.<\/p>\n<p>Fait de tissu de haute qualit\u00e9, l\u00e9ger, doux et \u00e9lastique. Fini avec une protection solaire UV. Le niveau s&rsquo;adapte \u00e0 la quantit\u00e9 de chaleur absorb\u00e9e par le v\u00eatement : +50 dans les couleurs sombres et +30 dans les couleurs claires.<\/p>\n<p>Accompagn\u00e9 d&rsquo;une sublimation qui simule des figures mouvantes pour donner dynamisme et modernit\u00e9 \u00e0 la chemise.<\/p>\n<p>Logo Joma en impression silicone.<\/p>\n","protected":false},"excerpt":{"rendered":"<p>Jupe de tennis et de padel pour l&rsquo;entra\u00eenement et la comp\u00e9tition. Son design \u00e9l\u00e9gant avec des vols en bas qui lui donnent un l\u00e9ger vol attirera votre attention. Avec maille \u00e9lastique int\u00e9gr\u00e9e pour plus de couverture et de confort.<\/p>\n","protected":false},"featured_media":34239,"template":"","meta":[],"product_brand":[],"product_cat":[42,58],"product_tag":[],"class_list":{"0":"post-29910","1":"product","2":"type-product","3":"status-publish","4":"has-post-thumbnail","6":"product_cat-femme","7":"product_cat-bermudas-et-shorts","8":"pa_couleur-green","9":"pa_taille-l","10":"pa_taille-xl","12":"first","13":"instock","14":"purchasable","15":"product-type-variable"},"_links":{"self":[{"href":"https:\/\/accrosport.tn\/index.php\/wp-json\/wp\/v2\/product\/29910","targetHints":{"allow":["GET"]}}],"collection":[{"href":"https:\/\/accrosport.tn\/index.php\/wp-json\/wp\/v2\/product"}],"about":[{"href":"https:\/\/accrosport.tn\/index.php\/wp-json\/wp\/v2\/types\/product"}],"wp:featuredmedia":[{"embeddable":true,"href":"https:\/\/accrosport.tn\/index.php\/wp-json\/wp\/v2\/media\/34239"}],"wp:attachment":[{"href":"https:\/\/accrosport.tn\/index.php\/wp-json\/wp\/v2\/media?parent=29910"}],"wp:term":[{"taxonomy":"product_brand","embeddable":true,"href":"https:\/\/accrosport.tn\/index.php\/wp-json\/wp\/v2\/product_brand?post=29910"},{"taxonomy":"product_cat","embeddable":true,"href":"https:\/\/accrosport.tn\/index.php\/wp-json\/wp\/v2\/product_cat?post=29910"},{"taxonomy":"product_tag","embeddable":true,"href":"https:\/\/accrosport.tn\/index.php\/wp-json\/wp\/v2\/product_tag?post=29910"}],"curies":[{"name":"wp","href":"https:\/\/api.w.org\/{rel}","templated":true}]}}