{"id":29905,"date":"2025-09-29T09:39:06","date_gmt":"2025-09-29T09:39:06","guid":{"rendered":"https:\/\/accrosport.tn\/index.php\/product\/falda-challenge-negro-gris\/"},"modified":"2025-10-16T14:52:21","modified_gmt":"2025-10-16T14:52:21","slug":"falda-challenge-negro-gris","status":"publish","type":"product","link":"https:\/\/accrosport.tn\/index.php\/product\/falda-challenge-negro-gris\/","title":{"rendered":"Jupe femme Challenge noir"},"content":{"rendered":"<div class=\"collapseText\">\n<p>Jupe de tennis pour l&rsquo;entra\u00eenement et la comp\u00e9tition. Son design \u00e9l\u00e9gant attirera votre attention avec un volant inf\u00e9rieur qui lui donne un l\u00e9ger effet de flottement. Avec un short int\u00e9gr\u00e9 pour une meilleure couverture et plus de confort.<\/p>\n<p>Elle int\u00e8gre une taille \u00e9lastique, qui s&rsquo;adapte \u00e0 la forme physique de la joueuse de tennis et maintient le v\u00eatement en place en tout temps. \u00c9quip\u00e9e d&rsquo;un short int\u00e9rieur : facilite la libert\u00e9 de mouvement et pr\u00e9vient les frottements gr\u00e2ce \u00e0 la construction r\u00e9alis\u00e9e avec des coutures plates Flatlock. Situ\u00e9es dans des zones plus sensibles aux irritations, comme l&rsquo;aine.<\/p>\n<p>Fabriqu\u00e9e dans un tissu de haute qualit\u00e9, l\u00e9ger, doux et \u00e9lastique. Finition avec protection solaire UV. Le niveau s&rsquo;adapte \u00e0 la quantit\u00e9 de chaleur absorb\u00e9e par le v\u00eatement : +50 pour les couleurs fonc\u00e9es et +30 pour les couleurs claires.<\/p>\n<p>Accompagn\u00e9e d&rsquo;une sublimation qui simule des figures en mouvement pour donner dynamisme et modernit\u00e9 au t-shirt.<\/p>\n<p>Logo Joma en impression silicone.<\/p>\n<\/div>\n<ul class=\"featuresul\">\n<li>Sous-short<\/li>\n<li>Tissu \u00e9lastique, l\u00e9ger et doux<\/li>\n<li>D\u00e9tails en impression<\/li>\n<li>Design en sublimation<\/li>\n<li>Libert\u00e9 de mouvement<\/li>\n<li>Type de coupe : r\u00e9guli\u00e8re<\/li>\n<li>90% Polyester, 10% Spandex<\/li>\n<\/ul>\n","protected":false},"excerpt":{"rendered":"<p>Jupe de tennis avec un short int\u00e9rieur \u00e9lastique int\u00e9gr\u00e9. Pour une meilleure couverture et confort pendant le jeu, gr\u00e2ce \u00e0 ses coutures plates qui \u00e9vitent les frottements. Le tissu ext\u00e9rieur l\u00e9ger et \u00e9galement \u00e9lastique pr\u00e9sente une finition avec protection solaire. Libert\u00e9 de mouvement garantie.<\/p>\n","protected":false},"featured_media":34233,"template":"","meta":[],"product_brand":[],"product_cat":[42,58],"product_tag":[],"class_list":{"0":"post-29905","1":"product","2":"type-product","3":"status-publish","4":"has-post-thumbnail","6":"product_cat-femme","7":"product_cat-bermudas-et-shorts","8":"pa_couleur-noir","9":"pa_taille-l","10":"pa_taille-m","11":"pa_taille-xl","13":"first","14":"instock","15":"purchasable","16":"product-type-variable"},"_links":{"self":[{"href":"https:\/\/accrosport.tn\/index.php\/wp-json\/wp\/v2\/product\/29905","targetHints":{"allow":["GET"]}}],"collection":[{"href":"https:\/\/accrosport.tn\/index.php\/wp-json\/wp\/v2\/product"}],"about":[{"href":"https:\/\/accrosport.tn\/index.php\/wp-json\/wp\/v2\/types\/product"}],"wp:featuredmedia":[{"embeddable":true,"href":"https:\/\/accrosport.tn\/index.php\/wp-json\/wp\/v2\/media\/34233"}],"wp:attachment":[{"href":"https:\/\/accrosport.tn\/index.php\/wp-json\/wp\/v2\/media?parent=29905"}],"wp:term":[{"taxonomy":"product_brand","embeddable":true,"href":"https:\/\/accrosport.tn\/index.php\/wp-json\/wp\/v2\/product_brand?post=29905"},{"taxonomy":"product_cat","embeddable":true,"href":"https:\/\/accrosport.tn\/index.php\/wp-json\/wp\/v2\/product_cat?post=29905"},{"taxonomy":"product_tag","embeddable":true,"href":"https:\/\/accrosport.tn\/index.php\/wp-json\/wp\/v2\/product_tag?post=29905"}],"curies":[{"name":"wp","href":"https:\/\/api.w.org\/{rel}","templated":true}]}}