{"id":29901,"date":"2025-09-29T09:39:06","date_gmt":"2025-09-29T09:39:06","guid":{"rendered":"https:\/\/accrosport.tn\/index.php\/product\/falda-court-fucsia\/"},"modified":"2025-10-16T14:37:14","modified_gmt":"2025-10-16T14:37:14","slug":"falda-court-fucsia","status":"publish","type":"product","link":"https:\/\/accrosport.tn\/index.php\/product\/falda-court-fucsia\/","title":{"rendered":"Jupe-short courte femme Fuchsia"},"content":{"rendered":"<p>Jupe de tennis pour l&rsquo;entra\u00eenement et la comp\u00e9tition. Design \u00e9l\u00e9gant avec plis et fente, vous donnant style et performance sur la piste. Si le tennis est votre style de vie, cette jupe vous offre les plus hauts standards de qualit\u00e9.<\/p>\n<p>Il int\u00e8gre une taille \u00e9lastique qui s&rsquo;adapte \u00e0 la forme du joueur de tennis et s\u00e9curise le v\u00eatement \u00e0 tout moment. Il pr\u00e9sente une large ouverture lat\u00e9rale qui s&rsquo;\u00e9tend sur toute la longueur de la foul\u00e9e. Introduit une section en tissu pliss\u00e9 qui \u00e9largit la couverture et am\u00e9liore la libert\u00e9 de mouvement. Fini avec des coutures plates pour \u00e9viter les irritations cutan\u00e9es.<\/p>\n<p>Cette jupe int\u00e8gre un maillage int\u00e9rieur super\u00e9lastique qui s&rsquo;adapte parfaitement, emp\u00eachant les frottements dans les zones sensibles telles que l&rsquo;aine.<\/p>\n<p>Fabriqu\u00e9 en tissu de qualit\u00e9 sup\u00e9rieure, l\u00e9ger et \u00e9lastique pour ne pas limiter vos mouvements.<\/p>\n<p>Logo Joma en caoutchouc imprim\u00e9.<\/p>\n<p>Caract\u00e9ristiques<\/p>\n<p>90 % polyester, 10 % \u00e9lasthanne<\/p>\n","protected":false},"excerpt":{"rendered":"<p>D\u00e9couvrez la jupe-short Joma, qui allie \u00e9l\u00e9gance et performance pour sublimer votre jeu sur le court de tennis.<\/p>\n","protected":false},"featured_media":34225,"template":"","meta":[],"product_brand":[],"product_cat":[42,58],"product_tag":[],"class_list":{"0":"post-29901","1":"product","2":"type-product","3":"status-publish","4":"has-post-thumbnail","6":"product_cat-femme","7":"product_cat-bermudas-et-shorts","8":"pa_couleur-fuchsia","9":"pa_taille-l","10":"pa_taille-m","12":"first","13":"instock","14":"purchasable","15":"product-type-variable"},"_links":{"self":[{"href":"https:\/\/accrosport.tn\/index.php\/wp-json\/wp\/v2\/product\/29901","targetHints":{"allow":["GET"]}}],"collection":[{"href":"https:\/\/accrosport.tn\/index.php\/wp-json\/wp\/v2\/product"}],"about":[{"href":"https:\/\/accrosport.tn\/index.php\/wp-json\/wp\/v2\/types\/product"}],"wp:featuredmedia":[{"embeddable":true,"href":"https:\/\/accrosport.tn\/index.php\/wp-json\/wp\/v2\/media\/34225"}],"wp:attachment":[{"href":"https:\/\/accrosport.tn\/index.php\/wp-json\/wp\/v2\/media?parent=29901"}],"wp:term":[{"taxonomy":"product_brand","embeddable":true,"href":"https:\/\/accrosport.tn\/index.php\/wp-json\/wp\/v2\/product_brand?post=29901"},{"taxonomy":"product_cat","embeddable":true,"href":"https:\/\/accrosport.tn\/index.php\/wp-json\/wp\/v2\/product_cat?post=29901"},{"taxonomy":"product_tag","embeddable":true,"href":"https:\/\/accrosport.tn\/index.php\/wp-json\/wp\/v2\/product_tag?post=29901"}],"curies":[{"name":"wp","href":"https:\/\/api.w.org\/{rel}","templated":true}]}}