{"id":29897,"date":"2025-09-29T09:39:06","date_gmt":"2025-09-29T09:39:06","guid":{"rendered":"https:\/\/accrosport.tn\/index.php\/product\/falda-court-negro\/"},"modified":"2025-10-16T11:56:48","modified_gmt":"2025-10-16T11:56:48","slug":"falda-court-negro","status":"publish","type":"product","link":"https:\/\/accrosport.tn\/index.php\/product\/falda-court-negro\/","title":{"rendered":"Jupe femme Court noir"},"content":{"rendered":"<p>Jupe de tennis pour l&rsquo;entra\u00eenement et la comp\u00e9tition. Design \u00e9l\u00e9gant avec partie pliss\u00e9e et ouverture, qui vous donnera du style et des performances sur le court. Si le tennis est votre style de vie, cette jupe vous offrira les normes de qualit\u00e9 les plus \u00e9lev\u00e9es.<\/p>\n<p>Elle int\u00e8gre une taille \u00e9lastique, qui s&rsquo;adapte \u00e0 la forme physique de la joueuse de tennis et maintient le v\u00eatement en place \u00e0 tout moment. \u00c9quip\u00e9e d&rsquo;une large ouverture lat\u00e9rale qui augmente la longueur de la foul\u00e9e. Pr\u00e9sente une partie en tissu pliss\u00e9, qui augmente la couverture et am\u00e9liore la libert\u00e9 de mouvement. Avec des coutures plates Flatlock, qui pr\u00e9viennent les irritations cutan\u00e9es dues aux frottements.<\/p>\n<p>Cette jupe-short comprend un short int\u00e9rieur super \u00e9lastique, qui s&rsquo;adapte parfaitement et \u00e9vite les frottements dans les zones sensibles, comme \u00e0 l&rsquo;entrejambe.<\/p>\n<p>Fabriqu\u00e9e dans un tissu de haute qualit\u00e9, l\u00e9ger et \u00e9lastique pour ne pas limiter la mobilit\u00e9.<\/p>\n<p>Logo Joma en impression en caoutchouc.<\/p>\n<ul class=\"featuresul\">\n<li>Sous-short<\/li>\n<li>Ceinture \u00e9lastique<\/li>\n<li>Tissu \u00e9lastique et l\u00e9ger<\/li>\n<li>Coutures plates Flatlock<\/li>\n<li>D\u00e9tails en impression<\/li>\n<li>Libert\u00e9 de mouvement<\/li>\n<li>Type de coupe : r\u00e9guli\u00e8re<\/li>\n<li>90% Polyester, 10% Spandex<\/li>\n<\/ul>\n","protected":false},"excerpt":{"rendered":"<p>Jupe de tennis avec partie pliss\u00e9e et doublure en maille. La partie int\u00e9rieure comporte des coutures plates pour \u00e9viter les frottements. Les deux v\u00eatements ont \u00e9t\u00e9 fabriqu\u00e9s en tissu technique \u00e9lastique et respirant. Libert\u00e9 de mouvement assur\u00e9e.<\/p>\n","protected":false},"featured_media":34210,"template":"","meta":[],"product_brand":[],"product_cat":[42,58],"product_tag":[],"class_list":{"0":"post-29897","1":"product","2":"type-product","3":"status-publish","4":"has-post-thumbnail","6":"product_cat-femme","7":"product_cat-bermudas-et-shorts","8":"pa_couleur-noir","9":"pa_taille-l","10":"pa_taille-m","11":"pa_taille-xl","13":"first","14":"instock","15":"purchasable","16":"product-type-variable"},"_links":{"self":[{"href":"https:\/\/accrosport.tn\/index.php\/wp-json\/wp\/v2\/product\/29897","targetHints":{"allow":["GET"]}}],"collection":[{"href":"https:\/\/accrosport.tn\/index.php\/wp-json\/wp\/v2\/product"}],"about":[{"href":"https:\/\/accrosport.tn\/index.php\/wp-json\/wp\/v2\/types\/product"}],"wp:featuredmedia":[{"embeddable":true,"href":"https:\/\/accrosport.tn\/index.php\/wp-json\/wp\/v2\/media\/34210"}],"wp:attachment":[{"href":"https:\/\/accrosport.tn\/index.php\/wp-json\/wp\/v2\/media?parent=29897"}],"wp:term":[{"taxonomy":"product_brand","embeddable":true,"href":"https:\/\/accrosport.tn\/index.php\/wp-json\/wp\/v2\/product_brand?post=29897"},{"taxonomy":"product_cat","embeddable":true,"href":"https:\/\/accrosport.tn\/index.php\/wp-json\/wp\/v2\/product_cat?post=29897"},{"taxonomy":"product_tag","embeddable":true,"href":"https:\/\/accrosport.tn\/index.php\/wp-json\/wp\/v2\/product_tag?post=29897"}],"curies":[{"name":"wp","href":"https:\/\/api.w.org\/{rel}","templated":true}]}}