{"id":29896,"date":"2025-09-29T09:39:06","date_gmt":"2025-09-29T09:39:06","guid":{"rendered":"https:\/\/accrosport.tn\/index.php\/product\/short-sculpture-ii-negro\/"},"modified":"2025-10-28T11:26:47","modified_gmt":"2025-10-28T11:26:47","slug":"short-sculpture-ii-negro","status":"publish","type":"product","link":"https:\/\/accrosport.tn\/index.php\/product\/short-sculpture-ii-negro\/","title":{"rendered":"Jupe femme Torneo noir"},"content":{"rendered":"<p>Jupe de tennis pour l&rsquo;entra\u00eenement et la comp\u00e9tition. Offre une excellente libert\u00e9 de mouvement gr\u00e2ce \u00e0 sa coupe ajust\u00e9e et \u00e9lastique. Profitez de son contact doux avec la peau.<\/p>\n<p>Il int\u00e8gre une taille \u00e9lastique qui s&rsquo;adapte \u00e0 la forme physique de la joueuse de tennis et maintient le v\u00eatement en place \u00e0 tout moment. L\u00e9g\u00e8rement plus longue \u00e0 l&rsquo;arri\u00e8re, elle permet un jeu plus confortable avec les ouvertures lat\u00e9rales. Comprend un short int\u00e9rieur qui s&rsquo;adapte de mani\u00e8re ergonomique et pr\u00e9vient les irritations gr\u00e2ce aux coutures plates Flatlock de la zone de l&rsquo;aine.<\/p>\n<p>Fabriqu\u00e9 dans un tissu de haute qualit\u00e9, l\u00e9ger et \u00e9lastique pour ne pas limiter la mobilit\u00e9.<\/p>\n<p>Logo Joma en impression gomme.<\/p>\n<ul class=\"featuresul\">\n<li>Sous-short<\/li>\n<li>Ceinture \u00e9lastique<\/li>\n<li>Tissu \u00e9lastique et l\u00e9ger<\/li>\n<li>Coutures plates Flatlock<\/li>\n<li>D\u00e9tails en impression<\/li>\n<li>Libert\u00e9 de mouvement<\/li>\n<li>Type de coupe : r\u00e9guli\u00e8re<\/li>\n<li>Jupe 90% Polyester, 10% Spandex \/ Doublure 82% Polyester, 18% Spandex<\/li>\n<\/ul>\n","protected":false},"excerpt":{"rendered":"<p>Jupe technique de tennis. Mod\u00e8le f\u00e9minin avec doublure int\u00e9rieure incluse pour une meilleure couverture, confectionn\u00e9e avec des coutures plates pour garantir un jeu confortable. Les deux v\u00eatements ont \u00e9t\u00e9 fabriqu\u00e9s dans un tissu l\u00e9ger, respirant et \u00e9lastique, assurant ainsi la libert\u00e9 de mouvement.<\/p>\n","protected":false},"featured_media":34205,"template":"","meta":[],"product_brand":[],"product_cat":[42,58],"product_tag":[],"class_list":{"0":"post-29896","1":"product","2":"type-product","3":"status-publish","4":"has-post-thumbnail","6":"product_cat-femme","7":"product_cat-bermudas-et-shorts","8":"pa_couleur-noir","9":"pa_taille-l","11":"first","12":"instock","13":"purchasable","14":"product-type-simple"},"_links":{"self":[{"href":"https:\/\/accrosport.tn\/index.php\/wp-json\/wp\/v2\/product\/29896","targetHints":{"allow":["GET"]}}],"collection":[{"href":"https:\/\/accrosport.tn\/index.php\/wp-json\/wp\/v2\/product"}],"about":[{"href":"https:\/\/accrosport.tn\/index.php\/wp-json\/wp\/v2\/types\/product"}],"wp:featuredmedia":[{"embeddable":true,"href":"https:\/\/accrosport.tn\/index.php\/wp-json\/wp\/v2\/media\/34205"}],"wp:attachment":[{"href":"https:\/\/accrosport.tn\/index.php\/wp-json\/wp\/v2\/media?parent=29896"}],"wp:term":[{"taxonomy":"product_brand","embeddable":true,"href":"https:\/\/accrosport.tn\/index.php\/wp-json\/wp\/v2\/product_brand?post=29896"},{"taxonomy":"product_cat","embeddable":true,"href":"https:\/\/accrosport.tn\/index.php\/wp-json\/wp\/v2\/product_cat?post=29896"},{"taxonomy":"product_tag","embeddable":true,"href":"https:\/\/accrosport.tn\/index.php\/wp-json\/wp\/v2\/product_tag?post=29896"}],"curies":[{"name":"wp","href":"https:\/\/api.w.org\/{rel}","templated":true}]}}