{"id":29893,"date":"2025-09-29T09:39:01","date_gmt":"2025-09-29T09:39:01","guid":{"rendered":"https:\/\/accrosport.tn\/index.php\/product\/camiseta-tirantes-ranking-negr\/"},"modified":"2025-10-21T07:26:50","modified_gmt":"2025-10-21T07:26:50","slug":"camiseta-tirantes-ranking-negr","status":"publish","type":"product","link":"https:\/\/accrosport.tn\/index.php\/product\/camiseta-tirantes-ranking-negr\/","title":{"rendered":"D\u00e9bardeur femme Ranking noir"},"content":{"rendered":"<p>D\u00e9bardeur pour femme. Id\u00e9al pour jouer \u00e0 des sports de raquette, comme le padel, pendant les mois de fortes chaleurs. Parmi ses points forts, on peut souligner sa haute respirabilit\u00e9, son confort et son excellente libert\u00e9 de mouvement.<\/p>\n<p>Il a un col rond et un dos de type nageur pour lib\u00e9rer les omoplates et permettre une totale libert\u00e9 de mouvement. Toutes les finitions ont des coutures thermosoud\u00e9es, dans le but d&rsquo;augmenter le confort et de pr\u00e9venir les frottements sur la peau. \u00c0 l&rsquo;arri\u00e8re, il y a des coutures plates Flatlock avec le m\u00eame objectif.<\/p>\n<p>Ce d\u00e9bardeur super l\u00e9ger est fabriqu\u00e9 dans un tissu r\u00e9sistant, \u00e9lastique et hautement respirant gr\u00e2ce aux perforations VTS ins\u00e9r\u00e9es sur les c\u00f4t\u00e9s et dans le dos avec une d\u00e9coupe au laser. Gr\u00e2ce \u00e0 ce syst\u00e8me, un flux d&rsquo;air est cr\u00e9\u00e9 pour permettre \u00e0 la transpiration de s&rsquo;\u00e9vaporer rapidement.<\/p>\n<p>Le logo Joma est en silicone thermosoud\u00e9 avec la technologie JOMA SPORTECH, qui n&rsquo;ajoute pas de poids suppl\u00e9mentaire et augmente le confort.<\/p>\n<ul class=\"featuresul\">\n<li>Dos type nageur<\/li>\n<li>Tissu \u00e9lastique, l\u00e9ger et respirant<\/li>\n<li>Inclut un syst\u00e8me de ventilation dans les zones de transpiration excessive<\/li>\n<li>Coutures plates Flatlock<\/li>\n<li>Libert\u00e9 de mouvement<\/li>\n<li>Type de coupe : semi fitted<\/li>\n<li>77% Polyester, 23% Spandex<\/li>\n<\/ul>\n","protected":false},"excerpt":{"rendered":"<p>D\u00e9bardeur pour le paddle. Mod\u00e8le pour femme tr\u00e8s l\u00e9ger, \u00e9lastique et respirant. Il s&rsquo;agit d&rsquo;un maillot technique d\u00e9velopp\u00e9 pour atteindre des performances maximales sur le terrain. De plus, son dos de type nageur assure une totale libert\u00e9 de mouvement.<\/p>\n","protected":false},"featured_media":34266,"template":"","meta":[],"product_brand":[],"product_cat":[42,56],"product_tag":[],"class_list":{"0":"post-29893","1":"product","2":"type-product","3":"status-publish","4":"has-post-thumbnail","6":"product_cat-femme","7":"product_cat-polos-et-t-shirt","8":"pa_couleur-noir","9":"pa_taille-l","10":"pa_taille-xl","12":"first","13":"instock","14":"purchasable","15":"product-type-variable"},"_links":{"self":[{"href":"https:\/\/accrosport.tn\/index.php\/wp-json\/wp\/v2\/product\/29893","targetHints":{"allow":["GET"]}}],"collection":[{"href":"https:\/\/accrosport.tn\/index.php\/wp-json\/wp\/v2\/product"}],"about":[{"href":"https:\/\/accrosport.tn\/index.php\/wp-json\/wp\/v2\/types\/product"}],"wp:featuredmedia":[{"embeddable":true,"href":"https:\/\/accrosport.tn\/index.php\/wp-json\/wp\/v2\/media\/34266"}],"wp:attachment":[{"href":"https:\/\/accrosport.tn\/index.php\/wp-json\/wp\/v2\/media?parent=29893"}],"wp:term":[{"taxonomy":"product_brand","embeddable":true,"href":"https:\/\/accrosport.tn\/index.php\/wp-json\/wp\/v2\/product_brand?post=29893"},{"taxonomy":"product_cat","embeddable":true,"href":"https:\/\/accrosport.tn\/index.php\/wp-json\/wp\/v2\/product_cat?post=29893"},{"taxonomy":"product_tag","embeddable":true,"href":"https:\/\/accrosport.tn\/index.php\/wp-json\/wp\/v2\/product_tag?post=29893"}],"curies":[{"name":"wp","href":"https:\/\/api.w.org\/{rel}","templated":true}]}}