{"id":29887,"date":"2025-09-29T09:39:01","date_gmt":"2025-09-29T09:39:01","guid":{"rendered":"https:\/\/accrosport.tn\/index.php\/product\/falda-montreal-negro-blanco\/"},"modified":"2026-04-04T15:56:06","modified_gmt":"2026-04-04T15:56:06","slug":"falda-montreal-negro-blanco","status":"publish","type":"product","link":"https:\/\/accrosport.tn\/index.php\/product\/falda-montreal-negro-blanco\/","title":{"rendered":"Jupe femme Montreal noir blanc"},"content":{"rendered":"<p>Jupe de tennis pour femme. Cette jupe de tennis avec maille int\u00e9rieure couvre davantage le corps. Elle est l\u00e9g\u00e8re, respirante et contribue \u00e0 la libert\u00e9 de mouvement. Un vrai basique d&rsquo;entra\u00eenement et de comp\u00e9tition dans le placard des joueuses de tennis.<\/p>\n<p>Comprend une ceinture \u00e9lastique pour un meilleur ajustement \u00e0 la taille. De cette fa\u00e7on, le v\u00eatement est maintenu au corps et ne glisse pas. La jupe est confectionn\u00e9e en tissu l\u00e9ger et \u00e9lastique, qui ne limite pas la mobilit\u00e9.<\/p>\n<p>D&rsquo;autre part, la maille int\u00e9rieure \u00e9lastique s&rsquo;adapte \u00e0 la silhouette comme s&rsquo;il s&rsquo;agissait d&rsquo;une seconde peau. Dans la zone de l&rsquo;entrejambe, une pi\u00e8ce suppl\u00e9mentaire \u00e9lastique a \u00e9t\u00e9 ajout\u00e9e qui augmente la longueur de la foul\u00e9e. La joueuse de tennis pourra aller plus loin et plus confortablement. Encha\u00eenez les coups \u00e0 l&rsquo;infini.<\/p>\n<p>Visuel avec des pi\u00e8ces contrast\u00e9es, mettant en \u00e9vidence la finition en relief de la partie \u00e0 l&rsquo;avant. Ainsi, de petits dessins se d\u00e9marquent sur le tissu de base gr\u00e2ce \u00e0 l&rsquo;application de la technique embossed.<\/p>\n<p>Logo Joma brod\u00e9.<\/p>\n","protected":false},"excerpt":{"rendered":"<p>Jupe de tennis\/padel pour femmes avec short int\u00e9rieur. La maille int\u00e9rieure est cousue avec des coutures plates qui emp\u00eachent les frottements dus aux mouvements, augmentant ainsi le confort.<\/p>\n","protected":false},"featured_media":34262,"template":"","meta":[],"product_brand":[],"product_cat":[42,58],"product_tag":[],"class_list":{"0":"post-29887","1":"product","2":"type-product","3":"status-publish","4":"has-post-thumbnail","6":"product_cat-femme","7":"product_cat-bermudas-et-shorts","8":"pa_couleur-black-white","9":"pa_taille-l","10":"pa_taille-m","11":"pa_taille-s","12":"pa_taille-xl","13":"pa_taille-xs","15":"first","16":"instock","17":"purchasable","18":"product-type-variable"},"_links":{"self":[{"href":"https:\/\/accrosport.tn\/index.php\/wp-json\/wp\/v2\/product\/29887","targetHints":{"allow":["GET"]}}],"collection":[{"href":"https:\/\/accrosport.tn\/index.php\/wp-json\/wp\/v2\/product"}],"about":[{"href":"https:\/\/accrosport.tn\/index.php\/wp-json\/wp\/v2\/types\/product"}],"wp:featuredmedia":[{"embeddable":true,"href":"https:\/\/accrosport.tn\/index.php\/wp-json\/wp\/v2\/media\/34262"}],"wp:attachment":[{"href":"https:\/\/accrosport.tn\/index.php\/wp-json\/wp\/v2\/media?parent=29887"}],"wp:term":[{"taxonomy":"product_brand","embeddable":true,"href":"https:\/\/accrosport.tn\/index.php\/wp-json\/wp\/v2\/product_brand?post=29887"},{"taxonomy":"product_cat","embeddable":true,"href":"https:\/\/accrosport.tn\/index.php\/wp-json\/wp\/v2\/product_cat?post=29887"},{"taxonomy":"product_tag","embeddable":true,"href":"https:\/\/accrosport.tn\/index.php\/wp-json\/wp\/v2\/product_tag?post=29887"}],"curies":[{"name":"wp","href":"https:\/\/api.w.org\/{rel}","templated":true}]}}