{"id":29875,"date":"2025-09-29T09:38:55","date_gmt":"2025-09-29T09:38:55","guid":{"rendered":"https:\/\/accrosport.tn\/index.php\/product\/camiseta-manga-corta-desert-mo\/"},"modified":"2025-10-21T08:07:39","modified_gmt":"2025-10-21T08:07:39","slug":"camiseta-manga-corta-desert-mo","status":"publish","type":"product","link":"https:\/\/accrosport.tn\/index.php\/product\/camiseta-manga-corta-desert-mo\/","title":{"rendered":"Maillot manches courtes femme Versalles violet"},"content":{"rendered":"<p>T-shirt en coton avec col en V, fabriqu\u00e9 en c\u00f4te. Comprend le logo sur le ruban sur la manche.<\/p>\n<ul class=\"featuresul\">\n<li>Type de coupe : semi fitted<\/li>\n<li>100% Coton<\/li>\n<\/ul>\n","protected":false},"excerpt":{"rendered":"<p>T-shirt en coton pour femme. Ce t-shirt basique \u00e0 manches courtes est parfait \u00e0 la fois pour la pratique sportive et pour un usage quotidien. Gr\u00e2ce \u00e0 son tissu en coton, il offre une douceur, un confort et une respirabilit\u00e9 sup\u00e9rieurs. Libert\u00e9 de mouvement garantie dans un design simple et efficace.<\/p>\n","protected":false},"featured_media":34296,"template":"","meta":[],"product_brand":[],"product_cat":[42,56],"product_tag":[],"class_list":{"0":"post-29875","1":"product","2":"type-product","3":"status-publish","4":"has-post-thumbnail","6":"product_cat-femme","7":"product_cat-polos-et-t-shirt","8":"pa_couleur-morado","9":"pa_taille-l","10":"pa_taille-m","11":"pa_taille-xl","13":"first","14":"instock","15":"purchasable","16":"product-type-variable"},"_links":{"self":[{"href":"https:\/\/accrosport.tn\/index.php\/wp-json\/wp\/v2\/product\/29875","targetHints":{"allow":["GET"]}}],"collection":[{"href":"https:\/\/accrosport.tn\/index.php\/wp-json\/wp\/v2\/product"}],"about":[{"href":"https:\/\/accrosport.tn\/index.php\/wp-json\/wp\/v2\/types\/product"}],"wp:featuredmedia":[{"embeddable":true,"href":"https:\/\/accrosport.tn\/index.php\/wp-json\/wp\/v2\/media\/34296"}],"wp:attachment":[{"href":"https:\/\/accrosport.tn\/index.php\/wp-json\/wp\/v2\/media?parent=29875"}],"wp:term":[{"taxonomy":"product_brand","embeddable":true,"href":"https:\/\/accrosport.tn\/index.php\/wp-json\/wp\/v2\/product_brand?post=29875"},{"taxonomy":"product_cat","embeddable":true,"href":"https:\/\/accrosport.tn\/index.php\/wp-json\/wp\/v2\/product_cat?post=29875"},{"taxonomy":"product_tag","embeddable":true,"href":"https:\/\/accrosport.tn\/index.php\/wp-json\/wp\/v2\/product_tag?post=29875"}],"curies":[{"name":"wp","href":"https:\/\/api.w.org\/{rel}","templated":true}]}}