{"id":29851,"date":"2025-09-29T09:38:48","date_gmt":"2025-09-29T09:38:48","guid":{"rendered":"https:\/\/accrosport.tn\/index.php\/product\/mallas-largas-combi-torneo-neg\/"},"modified":"2025-10-21T10:34:56","modified_gmt":"2025-10-21T10:34:56","slug":"mallas-largas-combi-torneo-neg","status":"publish","type":"product","link":"https:\/\/accrosport.tn\/index.php\/product\/mallas-largas-combi-torneo-neg\/","title":{"rendered":"Legging long femme Combi Torneo noir vert fluo"},"content":{"rendered":"<div id=\"description\" class=\"attbox menu-description-title title current\">\n<div class=\"collapseText\">\n<p>Long legging avec fente \u00e0 l&rsquo;ourlet. Comprend un passepoil \u00e9lastique de couleur contrast\u00e9e pour une plus grande libert\u00e9 de mouvement de l&rsquo;athl\u00e8te. Taille en V dans le dos.<\/p>\n<\/div>\n<div class=\"row\"><\/div>\n<\/div>\n<ul class=\"featuresul\">\n<li>\n<h3>Inserts en tissu mesh<\/h3>\n<\/li>\n<li>\n<h3>Tissu \u00e9lastique<\/h3>\n<\/li>\n<li>\n<h3>Libert\u00e9 de mouvement<\/h3>\n<\/li>\n<li>\n<h3>Type de coupe : ajust\u00e9e<\/h3>\n<\/li>\n<li>\n<h3>77% Polyester, 23% Spandex<\/h3>\n<\/li>\n<\/ul>\n","protected":false},"excerpt":{"rendered":"<div class=\"container product-detail product-wrapper\" data-product-url=\"https:\/\/www.joma-sport.com\/on\/demandware.store\/Sites-joma_eu-Site\/fr_FR\/Product-Show?pid=%24product%24\" data-sizebay-tenantid=\"3356\" data-pid=\"901572.117\">\n<div class=\"row\">\n<div class=\"product-container-information contentPDP-right\">\n<div class=\"product-sticky\">\n<div class=\"short-description\">\n<div class=\"text-short-description\">Legging long de tennis\/padel femme. Les coutures anti-frottement et le tissu souple et ajust\u00e9 offrent une grande libert\u00e9 de mouvement pendant le jeu.<\/div>\n<\/div>\n<\/div>\n<\/div>\n<\/div>\n<\/div>\n<div class=\"container product-detail \">\n<div class=\"row\">\n<div class=\"col-sm-12\">\n<div id=\"cq_recomm_slot-4432818939b95f78a018708f9e\">\n<div class=\"recommendations completeSet\"><\/div>\n<\/div>\n<\/div>\n<\/div>\n<\/div>\n","protected":false},"featured_media":34322,"template":"","meta":[],"product_brand":[],"product_cat":[42,58],"product_tag":[],"class_list":{"0":"post-29851","1":"product","2":"type-product","3":"status-publish","4":"has-post-thumbnail","6":"product_cat-femme","7":"product_cat-bermudas-et-shorts","8":"pa_couleur-black-green","9":"pa_taille-2xl","10":"pa_taille-l","11":"pa_taille-m","12":"pa_taille-s","14":"first","15":"instock","16":"purchasable","17":"product-type-variable"},"_links":{"self":[{"href":"https:\/\/accrosport.tn\/index.php\/wp-json\/wp\/v2\/product\/29851","targetHints":{"allow":["GET"]}}],"collection":[{"href":"https:\/\/accrosport.tn\/index.php\/wp-json\/wp\/v2\/product"}],"about":[{"href":"https:\/\/accrosport.tn\/index.php\/wp-json\/wp\/v2\/types\/product"}],"wp:featuredmedia":[{"embeddable":true,"href":"https:\/\/accrosport.tn\/index.php\/wp-json\/wp\/v2\/media\/34322"}],"wp:attachment":[{"href":"https:\/\/accrosport.tn\/index.php\/wp-json\/wp\/v2\/media?parent=29851"}],"wp:term":[{"taxonomy":"product_brand","embeddable":true,"href":"https:\/\/accrosport.tn\/index.php\/wp-json\/wp\/v2\/product_brand?post=29851"},{"taxonomy":"product_cat","embeddable":true,"href":"https:\/\/accrosport.tn\/index.php\/wp-json\/wp\/v2\/product_cat?post=29851"},{"taxonomy":"product_tag","embeddable":true,"href":"https:\/\/accrosport.tn\/index.php\/wp-json\/wp\/v2\/product_tag?post=29851"}],"curies":[{"name":"wp","href":"https:\/\/api.w.org\/{rel}","templated":true}]}}