{"id":29850,"date":"2025-09-29T09:38:48","date_gmt":"2025-09-29T09:38:48","guid":{"rendered":"https:\/\/accrosport.tn\/index.php\/product\/mallas-largas-combi-torneo-neg-black-white\/"},"modified":"2025-10-21T10:31:35","modified_gmt":"2025-10-21T10:31:35","slug":"mallas-largas-combi-torneo-neg-black-white","status":"publish","type":"product","link":"https:\/\/accrosport.tn\/index.php\/product\/mallas-largas-combi-torneo-neg-black-white\/","title":{"rendered":"Legging long femme Combi Torneo noir blanc"},"content":{"rendered":"<p>Long legging avec fente \u00e0 l&rsquo;ourlet. Comprend un passepoil \u00e9lastique de couleur contrast\u00e9e pour une plus grande libert\u00e9 de mouvement de l&rsquo;athl\u00e8te. Taille en V dans le dos.<\/p>\n<ul class=\"featuresul\">\n<li>Inserts en tissu mesh<\/li>\n<li>Tissu \u00e9lastique<\/li>\n<li>Libert\u00e9 de mouvement<\/li>\n<li>Type de coupe : ajust\u00e9e<\/li>\n<li>77% Polyester, 23% Spandex<\/li>\n<\/ul>\n","protected":false},"excerpt":{"rendered":"<p>Legging long de tennis\/padel femme. Les coutures anti-frottement et le tissu souple et ajust\u00e9 offrent une grande libert\u00e9 de mouvement pendant le jeu.<\/p>\n","protected":false},"featured_media":34317,"template":"","meta":[],"product_brand":[414],"product_cat":[42,58],"product_tag":[],"class_list":{"0":"post-29850","1":"product","2":"type-product","3":"status-publish","4":"has-post-thumbnail","6":"product_brand-joma","7":"product_cat-femme","8":"product_cat-bermudas-et-shorts","9":"pa_couleur-black-white","10":"pa_taille-xl","12":"first","13":"instock","14":"purchasable","15":"product-type-simple"},"_links":{"self":[{"href":"https:\/\/accrosport.tn\/index.php\/wp-json\/wp\/v2\/product\/29850","targetHints":{"allow":["GET"]}}],"collection":[{"href":"https:\/\/accrosport.tn\/index.php\/wp-json\/wp\/v2\/product"}],"about":[{"href":"https:\/\/accrosport.tn\/index.php\/wp-json\/wp\/v2\/types\/product"}],"wp:featuredmedia":[{"embeddable":true,"href":"https:\/\/accrosport.tn\/index.php\/wp-json\/wp\/v2\/media\/34317"}],"wp:attachment":[{"href":"https:\/\/accrosport.tn\/index.php\/wp-json\/wp\/v2\/media?parent=29850"}],"wp:term":[{"taxonomy":"product_brand","embeddable":true,"href":"https:\/\/accrosport.tn\/index.php\/wp-json\/wp\/v2\/product_brand?post=29850"},{"taxonomy":"product_cat","embeddable":true,"href":"https:\/\/accrosport.tn\/index.php\/wp-json\/wp\/v2\/product_cat?post=29850"},{"taxonomy":"product_tag","embeddable":true,"href":"https:\/\/accrosport.tn\/index.php\/wp-json\/wp\/v2\/product_tag?post=29850"}],"curies":[{"name":"wp","href":"https:\/\/api.w.org\/{rel}","templated":true}]}}