{"id":29843,"date":"2025-09-29T09:38:48","date_gmt":"2025-09-29T09:38:48","guid":{"rendered":"https:\/\/accrosport.tn\/index.php\/product\/sudadera-california-fucsia\/"},"modified":"2025-10-21T09:14:46","modified_gmt":"2025-10-21T09:14:46","slug":"sudadera-california-fucsia","status":"publish","type":"product","link":"https:\/\/accrosport.tn\/index.php\/product\/sudadera-california-fucsia\/","title":{"rendered":"Sweat-shirt Joma Californie"},"content":{"rendered":"<p>Sweat-shirt court avec col perkins et taille \u00e9lastiqu\u00e9e. Comprend une bande holographique sur la poitrine.<\/p>\n<p>92 % polyester 8 % \u00e9lasthanne<\/p>\n","protected":false},"excerpt":{"rendered":"<p>Sweat-shirt court avec col perkins et taille \u00e9lastiqu\u00e9e. Comprend une bande holographique sur la poitrine. 92 % polyester 8 % \u00e9lasthanne<\/p>\n","protected":false},"featured_media":34305,"template":"","meta":[],"product_brand":[],"product_cat":[42,56],"product_tag":[],"class_list":{"0":"post-29843","1":"product","2":"type-product","3":"status-publish","4":"has-post-thumbnail","6":"product_cat-femme","7":"product_cat-polos-et-t-shirt","8":"pa_couleur-fucsia","9":"pa_taille-l","10":"pa_taille-m","11":"pa_taille-s","13":"first","14":"instock","15":"purchasable","16":"product-type-variable"},"_links":{"self":[{"href":"https:\/\/accrosport.tn\/index.php\/wp-json\/wp\/v2\/product\/29843","targetHints":{"allow":["GET"]}}],"collection":[{"href":"https:\/\/accrosport.tn\/index.php\/wp-json\/wp\/v2\/product"}],"about":[{"href":"https:\/\/accrosport.tn\/index.php\/wp-json\/wp\/v2\/types\/product"}],"wp:featuredmedia":[{"embeddable":true,"href":"https:\/\/accrosport.tn\/index.php\/wp-json\/wp\/v2\/media\/34305"}],"wp:attachment":[{"href":"https:\/\/accrosport.tn\/index.php\/wp-json\/wp\/v2\/media?parent=29843"}],"wp:term":[{"taxonomy":"product_brand","embeddable":true,"href":"https:\/\/accrosport.tn\/index.php\/wp-json\/wp\/v2\/product_brand?post=29843"},{"taxonomy":"product_cat","embeddable":true,"href":"https:\/\/accrosport.tn\/index.php\/wp-json\/wp\/v2\/product_cat?post=29843"},{"taxonomy":"product_tag","embeddable":true,"href":"https:\/\/accrosport.tn\/index.php\/wp-json\/wp\/v2\/product_tag?post=29843"}],"curies":[{"name":"wp","href":"https:\/\/api.w.org\/{rel}","templated":true}]}}