{"id":29842,"date":"2025-09-29T09:38:48","date_gmt":"2025-09-29T09:38:48","guid":{"rendered":"https:\/\/accrosport.tn\/index.php\/product\/sudadera-california-negro-2\/"},"modified":"2025-12-02T10:02:12","modified_gmt":"2025-12-02T10:02:12","slug":"sudadera-california-negro-2","status":"publish","type":"product","link":"https:\/\/accrosport.tn\/index.php\/product\/sudadera-california-negro-2\/","title":{"rendered":"Sweat \u00e0 capuche homme California noir"},"content":{"rendered":"<p>Sweat-shirt kangourou avec capuche r\u00e9glable \u00e0 cordon. Les poignets et l&rsquo;ourlet sont c\u00f4tel\u00e9s pour plus de confort.<\/p>\n","protected":false},"excerpt":{"rendered":"<p>Sweat-shirt kangourou avec capuche r\u00e9glable \u00e0 cordon. Les poignets et l&rsquo;ourlet sont c\u00f4tel\u00e9s pour plus de confort.<\/p>\n","protected":false},"featured_media":36481,"template":"","meta":[],"product_brand":[],"product_cat":[33,63],"product_tag":[],"class_list":{"0":"post-29842","1":"product","2":"type-product","3":"status-publish","4":"has-post-thumbnail","6":"product_cat-homme","7":"product_cat-polos-et-t-shirt-homme","8":"pa_couleur-negro","9":"pa_taille-s","11":"first","12":"instock","13":"purchasable","14":"product-type-simple"},"_links":{"self":[{"href":"https:\/\/accrosport.tn\/index.php\/wp-json\/wp\/v2\/product\/29842","targetHints":{"allow":["GET"]}}],"collection":[{"href":"https:\/\/accrosport.tn\/index.php\/wp-json\/wp\/v2\/product"}],"about":[{"href":"https:\/\/accrosport.tn\/index.php\/wp-json\/wp\/v2\/types\/product"}],"wp:featuredmedia":[{"embeddable":true,"href":"https:\/\/accrosport.tn\/index.php\/wp-json\/wp\/v2\/media\/36481"}],"wp:attachment":[{"href":"https:\/\/accrosport.tn\/index.php\/wp-json\/wp\/v2\/media?parent=29842"}],"wp:term":[{"taxonomy":"product_brand","embeddable":true,"href":"https:\/\/accrosport.tn\/index.php\/wp-json\/wp\/v2\/product_brand?post=29842"},{"taxonomy":"product_cat","embeddable":true,"href":"https:\/\/accrosport.tn\/index.php\/wp-json\/wp\/v2\/product_cat?post=29842"},{"taxonomy":"product_tag","embeddable":true,"href":"https:\/\/accrosport.tn\/index.php\/wp-json\/wp\/v2\/product_tag?post=29842"}],"curies":[{"name":"wp","href":"https:\/\/api.w.org\/{rel}","templated":true}]}}