{"id":29830,"date":"2025-09-29T09:38:43","date_gmt":"2025-09-29T09:38:43","guid":{"rendered":"https:\/\/accrosport.tn\/index.php\/product\/camiseta-manga-corta-desert-rojo\/"},"modified":"2025-10-21T11:22:37","modified_gmt":"2025-10-21T11:22:37","slug":"camiseta-manga-corta-desert-rojo","status":"publish","type":"product","link":"https:\/\/accrosport.tn\/index.php\/product\/camiseta-manga-corta-desert-rojo\/","title":{"rendered":"Maillot manches courtes femme Desert rouge"},"content":{"rendered":"<p>T-shirt \u00e0 manches courtes pour femme\/fille. Il s&rsquo;agit d&rsquo;un t-shirt basique en coton uni, qui offre les avantages essentiels que tout sportif souhaite au quotidien : confort, douceur et respirabilit\u00e9. Ce t-shirt pratique vous servira pour faire du sport de mani\u00e8re l\u00e9g\u00e8re et pour l&rsquo;int\u00e9grer \u00e0 vos tenues sportives. Sortez dans la rue plus confortable que jamais avec lui.<\/p>\n<p>Il int\u00e8gre un col rond en c\u00f4tes, qui s&rsquo;ajuste confortablement au corps du sportif et l&rsquo;accompagne dans ses mouvements.<\/p>\n<p>Fabriqu\u00e9 en partie en coton, il offre une douceur au contact de la peau in\u00e9gal\u00e9e, en plus du confort caract\u00e9ristique de ce mat\u00e9riau. De plus, le coton est naturellement respirant, donc la transpiration ne sera pas un probl\u00e8me. Il est \u00e9galement facile \u00e0 entretenir, r\u00e9siste aux lavages et au passage du temps, augmentant consid\u00e9rablement la dur\u00e9e de vie du v\u00eatement.<\/p>\n<p>Il pr\u00e9sente un design simple, minimaliste et monochrome, facile \u00e0 combiner avec des v\u00eatements de sport ou d\u00e9contract\u00e9s. C&rsquo;est ce t-shirt pratique que tout le monde veut avoir dans son placard.<\/p>\n<p>Logo Joma sur \u00e9tiquette tiss\u00e9e.<\/p>\n<ul class=\"featuresul\">\n<li>Manches courtes<\/li>\n<li>Col rond<\/li>\n<li>Tissu doux et confortable<\/li>\n<li>Libert\u00e9 de mouvement<\/li>\n<li>Type de coupe : semi fitted<\/li>\n<li>100% Coton<\/li>\n<\/ul>\n","protected":false},"excerpt":{"rendered":"<div class=\"container product-detail product-wrapper\" data-product-url=\"https:\/\/www.joma-sport.com\/on\/demandware.store\/Sites-joma_eu-Site\/fr_FR\/Product-Show?pid=%24product%24\" data-sizebay-tenantid=\"3356\" data-pid=\"901326.600\">\n<div class=\"row\">\n<div class=\"product-container-information contentPDP-right\">\n<div class=\"product-sticky\">\n<div class=\"short-description\">\n<div class=\"text-short-description\">Maillot \u00e0 manches courtes en coton femme\/fille. Design uni et \u00e9pur\u00e9, id\u00e9al pour un usage tr\u00e8s fr\u00e9quent. Doux au toucher et confort optimal.<\/div>\n<\/div>\n<\/div>\n<\/div>\n<\/div>\n<\/div>\n<div class=\"container product-detail \">\n<div class=\"row\">\n<div class=\"col-sm-12\">\n<div id=\"cq_recomm_slot-4432818939b95f78a018708f9e\">\n<div class=\"recommendations completeSet\"><\/div>\n<\/div>\n<\/div>\n<\/div>\n<\/div>\n","protected":false},"featured_media":34342,"template":"","meta":[],"product_brand":[],"product_cat":[42,56],"product_tag":[],"class_list":{"0":"post-29830","1":"product","2":"type-product","3":"status-publish","4":"has-post-thumbnail","6":"product_cat-femme","7":"product_cat-polos-et-t-shirt","8":"pa_couleur-rojo","9":"pa_taille-m","10":"pa_taille-xl","12":"first","13":"instock","14":"purchasable","15":"product-type-variable"},"_links":{"self":[{"href":"https:\/\/accrosport.tn\/index.php\/wp-json\/wp\/v2\/product\/29830","targetHints":{"allow":["GET"]}}],"collection":[{"href":"https:\/\/accrosport.tn\/index.php\/wp-json\/wp\/v2\/product"}],"about":[{"href":"https:\/\/accrosport.tn\/index.php\/wp-json\/wp\/v2\/types\/product"}],"wp:featuredmedia":[{"embeddable":true,"href":"https:\/\/accrosport.tn\/index.php\/wp-json\/wp\/v2\/media\/34342"}],"wp:attachment":[{"href":"https:\/\/accrosport.tn\/index.php\/wp-json\/wp\/v2\/media?parent=29830"}],"wp:term":[{"taxonomy":"product_brand","embeddable":true,"href":"https:\/\/accrosport.tn\/index.php\/wp-json\/wp\/v2\/product_brand?post=29830"},{"taxonomy":"product_cat","embeddable":true,"href":"https:\/\/accrosport.tn\/index.php\/wp-json\/wp\/v2\/product_cat?post=29830"},{"taxonomy":"product_tag","embeddable":true,"href":"https:\/\/accrosport.tn\/index.php\/wp-json\/wp\/v2\/product_tag?post=29830"}],"curies":[{"name":"wp","href":"https:\/\/api.w.org\/{rel}","templated":true}]}}