{"id":29826,"date":"2025-09-29T09:38:43","date_gmt":"2025-09-29T09:38:43","guid":{"rendered":"https:\/\/accrosport.tn\/index.php\/product\/camiseta-manga-corta-desert-ve\/"},"modified":"2025-10-21T10:47:31","modified_gmt":"2025-10-21T10:47:31","slug":"camiseta-manga-corta-desert-ve","status":"publish","type":"product","link":"https:\/\/accrosport.tn\/index.php\/product\/camiseta-manga-corta-desert-ve\/","title":{"rendered":"T-shirt DAME DU D\u00c9SERT"},"content":{"rendered":"<p>T-shirt femme\/fille \u00e0 manches courtes. Il s&rsquo;agit d&rsquo;un T-shirt basique et lisse en coton, qui comprend les avantages essentiels que tout athl\u00e8te souhaite au quotidien : confort, douceur et respirabilit\u00e9. Ce T-shirt pratique vous servira \u00e0 faire du sport de mani\u00e8re l\u00e9g\u00e8re et \u00e0 l&rsquo;utiliser dans vos looks sportifs. Sortez dans la rue plus \u00e0 l&rsquo;aise que jamais avec. Il int\u00e8gre un d\u00e9collet\u00e9 rond c\u00f4tel\u00e9, qui s&rsquo;adapte confortablement au corps de l&rsquo;athl\u00e8te et l&rsquo;accompagne dans ses mouvements. Fabriqu\u00e9 en partie avec du coton, ce qui lui conf\u00e8re une douceur in\u00e9gal\u00e9e au contact de la peau, en plus du confort caract\u00e9ristique de ce mat\u00e9riau. De plus, le coton est naturellement respirant, donc la sueur ne posera pas de probl\u00e8me. Il est \u00e9galement facile \u00e0 entretenir et r\u00e9siste au lavage et au passage du temps, augmentant consid\u00e9rablement la dur\u00e9e de vie utile du v\u00eatement. Il pr\u00e9sente un design simple, minimaliste et monochrome, facile \u00e0 combiner avec des v\u00eatements de sport ou d\u00e9contract\u00e9s. C&rsquo;est ce t- pratiquechemise que tout le monde veut avoir dans son placard. Logo Joma sur \u00e9tiquette tiss\u00e9e.<\/p>\n","protected":false},"excerpt":{"rendered":"<p>T-shirt femme\/fille \u00e0 manches courtes. Il s&rsquo;agit d&rsquo;un T-shirt basique et lisse en coton, qui comprend les avantages essentiels que tout athl\u00e8te souhaite au quotidien : confort, douceur et respirabilit\u00e9.<\/p>\n","protected":false},"featured_media":34332,"template":"","meta":[],"product_brand":[],"product_cat":[42,56],"product_tag":[],"class_list":{"0":"post-29826","1":"product","2":"type-product","3":"status-publish","4":"has-post-thumbnail","6":"product_cat-femme","7":"product_cat-polos-et-t-shirt","8":"pa_couleur-verde","9":"pa_taille-l","10":"pa_taille-m","12":"first","13":"instock","14":"purchasable","15":"product-type-variable"},"_links":{"self":[{"href":"https:\/\/accrosport.tn\/index.php\/wp-json\/wp\/v2\/product\/29826","targetHints":{"allow":["GET"]}}],"collection":[{"href":"https:\/\/accrosport.tn\/index.php\/wp-json\/wp\/v2\/product"}],"about":[{"href":"https:\/\/accrosport.tn\/index.php\/wp-json\/wp\/v2\/types\/product"}],"wp:featuredmedia":[{"embeddable":true,"href":"https:\/\/accrosport.tn\/index.php\/wp-json\/wp\/v2\/media\/34332"}],"wp:attachment":[{"href":"https:\/\/accrosport.tn\/index.php\/wp-json\/wp\/v2\/media?parent=29826"}],"wp:term":[{"taxonomy":"product_brand","embeddable":true,"href":"https:\/\/accrosport.tn\/index.php\/wp-json\/wp\/v2\/product_brand?post=29826"},{"taxonomy":"product_cat","embeddable":true,"href":"https:\/\/accrosport.tn\/index.php\/wp-json\/wp\/v2\/product_cat?post=29826"},{"taxonomy":"product_tag","embeddable":true,"href":"https:\/\/accrosport.tn\/index.php\/wp-json\/wp\/v2\/product_tag?post=29826"}],"curies":[{"name":"wp","href":"https:\/\/api.w.org\/{rel}","templated":true}]}}