{"id":29815,"date":"2025-09-29T09:38:38","date_gmt":"2025-09-29T09:38:38","guid":{"rendered":"https:\/\/accrosport.tn\/index.php\/product\/falda-torneo-marino-blanco\/"},"modified":"2025-10-21T13:34:58","modified_gmt":"2025-10-21T13:34:58","slug":"falda-torneo-marino-blanco","status":"publish","type":"product","link":"https:\/\/accrosport.tn\/index.php\/product\/falda-torneo-marino-blanco\/","title":{"rendered":"Jupe femme Torneo bleu marine blanc"},"content":{"rendered":"<p>Jupe courte avec sous-v\u00eatement. Il y a une poche sur le short pour la balle de tennis. Logo imprim\u00e9.<\/p>\n<ul class=\"featuresul\">\n<li>Sous-short<\/li>\n<li>Poche pour balle<\/li>\n<li>Tissu \u00e9lastique et l\u00e9ger<\/li>\n<li>Libert\u00e9 de mouvement<\/li>\n<li>Tissu opaque, non transparent<\/li>\n<li>Type de coupe : r\u00e9guli\u00e8re<\/li>\n<li>85% Polyester, 15% Spandex<\/li>\n<\/ul>\n","protected":false},"excerpt":{"rendered":"<p>Jupe de tennis\/padel femme. Shorty int\u00e9gr\u00e9 pour plus de confort et de s\u00e9curit\u00e9 pendant le jeu. Poche pour la balle.<\/p>\n","protected":false},"featured_media":34366,"template":"","meta":[],"product_brand":[],"product_cat":[42,58],"product_tag":[],"class_list":{"0":"post-29815","1":"product","2":"type-product","3":"status-publish","4":"has-post-thumbnail","6":"product_cat-femme","7":"product_cat-bermudas-et-shorts","8":"pa_couleur-marino-blanco","9":"pa_taille-m","10":"pa_taille-s","12":"first","13":"instock","14":"purchasable","15":"product-type-variable"},"_links":{"self":[{"href":"https:\/\/accrosport.tn\/index.php\/wp-json\/wp\/v2\/product\/29815","targetHints":{"allow":["GET"]}}],"collection":[{"href":"https:\/\/accrosport.tn\/index.php\/wp-json\/wp\/v2\/product"}],"about":[{"href":"https:\/\/accrosport.tn\/index.php\/wp-json\/wp\/v2\/types\/product"}],"wp:featuredmedia":[{"embeddable":true,"href":"https:\/\/accrosport.tn\/index.php\/wp-json\/wp\/v2\/media\/34366"}],"wp:attachment":[{"href":"https:\/\/accrosport.tn\/index.php\/wp-json\/wp\/v2\/media?parent=29815"}],"wp:term":[{"taxonomy":"product_brand","embeddable":true,"href":"https:\/\/accrosport.tn\/index.php\/wp-json\/wp\/v2\/product_brand?post=29815"},{"taxonomy":"product_cat","embeddable":true,"href":"https:\/\/accrosport.tn\/index.php\/wp-json\/wp\/v2\/product_cat?post=29815"},{"taxonomy":"product_tag","embeddable":true,"href":"https:\/\/accrosport.tn\/index.php\/wp-json\/wp\/v2\/product_tag?post=29815"}],"curies":[{"name":"wp","href":"https:\/\/api.w.org\/{rel}","templated":true}]}}