{"id":29812,"date":"2025-09-29T09:38:38","date_gmt":"2025-09-29T09:38:38","guid":{"rendered":"https:\/\/accrosport.tn\/index.php\/product\/elite-viii-tank-top-red\/"},"modified":"2025-10-21T11:54:01","modified_gmt":"2025-10-21T11:54:01","slug":"elite-viii-tank-top-red","status":"publish","type":"product","link":"https:\/\/accrosport.tn\/index.php\/product\/elite-viii-tank-top-red\/","title":{"rendered":"D\u00e9bardeur femme Elite VIII rouge"},"content":{"rendered":"<p>D\u00e9bardeur de running. Mod\u00e8le pour femme. Il se compose d\u2019un tissu l\u00e9ger et extensible qui vous aide \u00e0 continuer \u00e0 accumuler les kilom\u00e8tres et \u00e0 faire en sorte que rien ne puisse vous arr\u00eater. De plus, il permet une bonne \u00e9vacuation de la transpiration. Le dos nageur offre une incroyable libert\u00e9 de mouvement, tant pour la course que pour l\u2019\u00e9chauffement.<\/p>\n<p>Ce d\u00e9bardeur est dot\u00e9 d\u2019un col ras du cou pour une meilleure mobilit\u00e9. Le dos nageur lib\u00e8re les omoplates et permet \u00e0 la coureuse de suivre confortablement le mouvement des jambes avec les bras, tout en facilitant les \u00e9tirements avant et apr\u00e8s l\u2019exercice. Les coutures sont recouvertes d\u2019un rev\u00eatement afin d\u2019\u00e9viter toute g\u00eane en cas de frottement avec la peau. Tout est con\u00e7u pour offrir la plus grande sensation de confort possible.<\/p>\n<p>Son tissu l\u00e9ger et extensible s\u2019adapte \u00e0 la morphologie de la runneuse et lui conf\u00e8re une grande libert\u00e9 de mouvement. De plus, ce type de tissu favorise l\u2019\u00e9vacuation de la transpiration, de sorte que la peau reste au frais tout au long de la course. La r\u00e9duction du tissu sur une partie du dos y contribue.<\/p>\n<p>Il pr\u00e9sente une sublimation frontale innovante qui combine des formes g\u00e9om\u00e9triques carr\u00e9es de diff\u00e9rentes tailles dans une teinte plus claire. Le r\u00e9sultat est un effet optique spectaculaire sur le v\u00eatement.<\/p>\n<p>Logo Joma s\u00e9rigraphi\u00e9 pour maintenir la l\u00e9g\u00e8ret\u00e9 et le confort.<\/p>\n<ul class=\"featuresul\">\n<li>Bretelles<\/li>\n<li>Dos type nageur<\/li>\n<li>Tissu \u00e9lastique et l\u00e9ger<\/li>\n<li>Technologie Micro-Mesh dans les zones qui transpirent le plus<\/li>\n<li>Limite les mauvaises odeurs<\/li>\n<li>Avant sublim\u00e9<\/li>\n<li>Libert\u00e9 de mouvement<\/li>\n<li>Type de coupe : semi fitted<\/li>\n<li>92% Polyester, 8% \u00c9lasthanne<\/li>\n<\/ul>\n","protected":false},"excerpt":{"rendered":"<div class=\"container product-detail product-wrapper\" data-product-url=\"https:\/\/www.joma-sport.com\/on\/demandware.store\/Sites-joma_eu-Site\/fr_FR\/Product-Show?pid=%24product%24\" data-sizebay-tenantid=\"3356\" data-pid=\"901258.600\">\n<div class=\"row\">\n<div class=\"product-container-information contentPDP-right\">\n<div class=\"product-sticky\">\n<div class=\"short-description\">\n<div class=\"text-short-description\">D\u00e9bardeur dos nageur femme\/fille. Tissu l\u00e9ger, respirant et \u00e9vitant les frottements dans les zones qui transpirent le plus.<\/div>\n<\/div>\n<\/div>\n<\/div>\n<\/div>\n<\/div>\n<div class=\"container product-detail \">\n<div class=\"row\">\n<div class=\"col-sm-12\">\n<div id=\"cq_recomm_slot-4432818939b95f78a018708f9e\"><\/div>\n<\/div>\n<\/div>\n<div class=\"row\">\n<div class=\"col-sm-12\">\n<div id=\"cq_recomm_slot-c31f94f48994bb633b7d715b27\">\n<div class=\"recommendations pdp\"><\/div>\n<\/div>\n<\/div>\n<\/div>\n<\/div>\n","protected":false},"featured_media":34364,"template":"","meta":[],"product_brand":[],"product_cat":[42,56],"product_tag":[],"class_list":{"0":"post-29812","1":"product","2":"type-product","3":"status-publish","4":"has-post-thumbnail","6":"product_cat-femme","7":"product_cat-polos-et-t-shirt","8":"pa_couleur-rojo","9":"pa_taille-m","10":"pa_taille-s","12":"first","13":"instock","14":"purchasable","15":"product-type-variable"},"_links":{"self":[{"href":"https:\/\/accrosport.tn\/index.php\/wp-json\/wp\/v2\/product\/29812","targetHints":{"allow":["GET"]}}],"collection":[{"href":"https:\/\/accrosport.tn\/index.php\/wp-json\/wp\/v2\/product"}],"about":[{"href":"https:\/\/accrosport.tn\/index.php\/wp-json\/wp\/v2\/types\/product"}],"wp:featuredmedia":[{"embeddable":true,"href":"https:\/\/accrosport.tn\/index.php\/wp-json\/wp\/v2\/media\/34364"}],"wp:attachment":[{"href":"https:\/\/accrosport.tn\/index.php\/wp-json\/wp\/v2\/media?parent=29812"}],"wp:term":[{"taxonomy":"product_brand","embeddable":true,"href":"https:\/\/accrosport.tn\/index.php\/wp-json\/wp\/v2\/product_brand?post=29812"},{"taxonomy":"product_cat","embeddable":true,"href":"https:\/\/accrosport.tn\/index.php\/wp-json\/wp\/v2\/product_cat?post=29812"},{"taxonomy":"product_tag","embeddable":true,"href":"https:\/\/accrosport.tn\/index.php\/wp-json\/wp\/v2\/product_tag?post=29812"}],"curies":[{"name":"wp","href":"https:\/\/api.w.org\/{rel}","templated":true}]}}