{"id":29795,"date":"2025-09-29T09:38:32","date_gmt":"2025-09-29T09:38:32","guid":{"rendered":"https:\/\/accrosport.tn\/index.php\/product\/camiseta-tirantes-oasis-caqui\/"},"modified":"2025-10-21T14:26:09","modified_gmt":"2025-10-21T14:26:09","slug":"camiseta-tirantes-oasis-caqui","status":"publish","type":"product","link":"https:\/\/accrosport.tn\/index.php\/product\/camiseta-tirantes-oasis-caqui\/","title":{"rendered":"D\u00e9bardeur femme Oasis kaki"},"content":{"rendered":"<p>T-SHIRT de bretelles avec logo \u00e0 l&rsquo;int\u00e9rieur de la basse.<\/p>\n<ul class=\"featuresul\">\n<li>Bretelles<\/li>\n<li>Col rond<\/li>\n<li>Dos type nageur<\/li>\n<li>Tissu l\u00e9ger et respirant<\/li>\n<li>Libert\u00e9 de mouvement<\/li>\n<li>Type de coupe : semi fitted<\/li>\n<li>100% Coton<\/li>\n<\/ul>\n","protected":false},"excerpt":{"rendered":"<p>D\u00e9bardeur en coton femme. Ce v\u00eatement tr\u00e8s pratique 100 % coton offre une grande sensation de douceur et de confort.<\/p>\n","protected":false},"featured_media":34399,"template":"","meta":[],"product_brand":[],"product_cat":[42,56],"product_tag":[],"class_list":{"0":"post-29795","1":"product","2":"type-product","3":"status-publish","4":"has-post-thumbnail","6":"product_cat-femme","7":"product_cat-polos-et-t-shirt","8":"pa_couleur-caqui","9":"pa_taille-l","10":"pa_taille-m","11":"pa_taille-s","13":"first","14":"instock","15":"purchasable","16":"product-type-variable"},"_links":{"self":[{"href":"https:\/\/accrosport.tn\/index.php\/wp-json\/wp\/v2\/product\/29795","targetHints":{"allow":["GET"]}}],"collection":[{"href":"https:\/\/accrosport.tn\/index.php\/wp-json\/wp\/v2\/product"}],"about":[{"href":"https:\/\/accrosport.tn\/index.php\/wp-json\/wp\/v2\/types\/product"}],"wp:featuredmedia":[{"embeddable":true,"href":"https:\/\/accrosport.tn\/index.php\/wp-json\/wp\/v2\/media\/34399"}],"wp:attachment":[{"href":"https:\/\/accrosport.tn\/index.php\/wp-json\/wp\/v2\/media?parent=29795"}],"wp:term":[{"taxonomy":"product_brand","embeddable":true,"href":"https:\/\/accrosport.tn\/index.php\/wp-json\/wp\/v2\/product_brand?post=29795"},{"taxonomy":"product_cat","embeddable":true,"href":"https:\/\/accrosport.tn\/index.php\/wp-json\/wp\/v2\/product_cat?post=29795"},{"taxonomy":"product_tag","embeddable":true,"href":"https:\/\/accrosport.tn\/index.php\/wp-json\/wp\/v2\/product_tag?post=29795"}],"curies":[{"name":"wp","href":"https:\/\/api.w.org\/{rel}","templated":true}]}}