{"id":29785,"date":"2025-09-29T09:38:32","date_gmt":"2025-09-29T09:38:32","guid":{"rendered":"https:\/\/accrosport.tn\/index.php\/product\/banador-lake-iii-rojo\/"},"modified":"2025-10-21T14:08:17","modified_gmt":"2025-10-21T14:08:17","slug":"banador-lake-iii-rojo","status":"publish","type":"product","link":"https:\/\/accrosport.tn\/index.php\/product\/banador-lake-iii-rojo\/","title":{"rendered":"Maillot de bain femme Lake III rouge blanc"},"content":{"rendered":"<p>Le maillot de bain Lake III est un produit sportif con\u00e7u pour les femmes et les filles pratiquant la natation. Il dispose d&rsquo;un col rond et d&rsquo;un dos de type nageur, ce qui permet une plus grande libert\u00e9 de mouvement pendant l&rsquo;activit\u00e9 physique dans l&rsquo;eau.<\/p>\n<p>Ce maillot de bain se caract\u00e9rise par son adaptabilit\u00e9 et son \u00e9lasticit\u00e9, ce qui garantit un excellent confort lors de son port. De plus, il est sp\u00e9cialement con\u00e7u pour la comp\u00e9tition, offrant un ajustement serr\u00e9 au corps et une plus grande r\u00e9sistance au chlore, prolongeant ainsi sa durabilit\u00e9.<\/p>\n<p>Le maillot de bain Lake III est fabriqu\u00e9 avec un ext\u00e9rieur compos\u00e9 de 80% de polyamide et de 20% d&rsquo;\u00e9lasthanne. Cette combinaison de mat\u00e9riaux conf\u00e8re au produit une r\u00e9sistance suppl\u00e9mentaire et un s\u00e9chage rapide, ce qui le rend id\u00e9al pour une utilisation dans les piscines et les environnements aquatiques.<\/p>\n<p>En r\u00e9sum\u00e9, le maillot de bain Lake III est un produit sportif de haute qualit\u00e9 offrant confort, adaptabilit\u00e9 et r\u00e9sistance, parfait pour l&rsquo;entra\u00eenement et la comp\u00e9tition dans le domaine de la natation. Son design et ses mat\u00e9riaux garantissent une exp\u00e9rience optimale dans l&rsquo;eau.<\/p>\n<ul class=\"featuresul\">\n<li>Dos type nageur<\/li>\n<li>Tissu \u00e9lastique r\u00e9sistant au chlore<\/li>\n<li>Bon maintien de la poitrine<\/li>\n<li>Type de coupe : ajust\u00e9e<\/li>\n<li>80% Polyamide, 20% \u00c9lasthanne<\/li>\n<\/ul>\n","protected":false},"excerpt":{"rendered":"<p>Maillot de bain dos olympique femme\/fille. S&rsquo;adapte au corps de la nageuse. S\u00e9chage rapide.<\/p>\n","protected":false},"featured_media":34377,"template":"","meta":[],"product_brand":[],"product_cat":[42,58],"product_tag":[],"class_list":{"0":"post-29785","1":"product","2":"type-product","3":"status-publish","4":"has-post-thumbnail","6":"product_cat-femme","7":"product_cat-bermudas-et-shorts","8":"pa_couleur-red-white","9":"pa_taille-l","10":"pa_taille-m","11":"pa_taille-s","13":"first","14":"instock","15":"purchasable","16":"product-type-variable"},"_links":{"self":[{"href":"https:\/\/accrosport.tn\/index.php\/wp-json\/wp\/v2\/product\/29785","targetHints":{"allow":["GET"]}}],"collection":[{"href":"https:\/\/accrosport.tn\/index.php\/wp-json\/wp\/v2\/product"}],"about":[{"href":"https:\/\/accrosport.tn\/index.php\/wp-json\/wp\/v2\/types\/product"}],"wp:featuredmedia":[{"embeddable":true,"href":"https:\/\/accrosport.tn\/index.php\/wp-json\/wp\/v2\/media\/34377"}],"wp:attachment":[{"href":"https:\/\/accrosport.tn\/index.php\/wp-json\/wp\/v2\/media?parent=29785"}],"wp:term":[{"taxonomy":"product_brand","embeddable":true,"href":"https:\/\/accrosport.tn\/index.php\/wp-json\/wp\/v2\/product_brand?post=29785"},{"taxonomy":"product_cat","embeddable":true,"href":"https:\/\/accrosport.tn\/index.php\/wp-json\/wp\/v2\/product_cat?post=29785"},{"taxonomy":"product_tag","embeddable":true,"href":"https:\/\/accrosport.tn\/index.php\/wp-json\/wp\/v2\/product_tag?post=29785"}],"curies":[{"name":"wp","href":"https:\/\/api.w.org\/{rel}","templated":true}]}}