{"id":29761,"date":"2025-09-29T09:38:26","date_gmt":"2025-09-29T09:38:26","guid":{"rendered":"https:\/\/accrosport.tn\/index.php\/product\/banador-lake-ii-negro-blanco-m\/"},"modified":"2025-10-21T14:31:39","modified_gmt":"2025-10-21T14:31:39","slug":"banador-lake-ii-negro-blanco-m","status":"publish","type":"product","link":"https:\/\/accrosport.tn\/index.php\/product\/banador-lake-ii-negro-blanco-m\/","title":{"rendered":"Maillot de bain femme Lake II noir blanc"},"content":{"rendered":"<p>Le maillot de bain Lake II est un produit sportif con\u00e7u aussi bien pour les femmes que pour les filles, sp\u00e9cifiquement pour une utilisation dans des activit\u00e9s de natation. Il a un col rond et un dos de type nageur, ce qui offre confort et libert\u00e9 de mouvement pendant la pratique de ce sport.<\/p>\n<p>Ce maillot de bain est fabriqu\u00e9 avec des mat\u00e9riaux de haute qualit\u00e9 qui lui conf\u00e8rent des caract\u00e9ristiques d&rsquo;adaptabilit\u00e9 et d&rsquo;\u00e9lasticit\u00e9. De plus, son design est pens\u00e9 pour une utilisation en comp\u00e9tition, offrant ainsi une r\u00e9sistance au chlore et un s\u00e9chage rapide, permettant une performance optimale dans l&rsquo;eau.<\/p>\n<p>L&rsquo;ext\u00e9rieur du maillot de bain Lake II est compos\u00e9 de 80% de polyamide et de 20% d&rsquo;\u00e9lasthanne, garantissant sa durabilit\u00e9 et sa r\u00e9sistance. D&rsquo;autre part, son int\u00e9rieur est doubl\u00e9 \u00e0 100% de polyester, offrant une sensation douce et confortable au contact de la peau.<\/p>\n<p>En r\u00e9sum\u00e9, le maillot de bain Lake II est un choix id\u00e9al pour les femmes et les filles \u00e0 la recherche d&rsquo;un produit sportif de qualit\u00e9 pour la pratique de la natation. Son design et ses mat\u00e9riaux garantissent confort, libert\u00e9 de mouvement et r\u00e9sistance, en en faisant un choix fiable pour les comp\u00e9titions et les entra\u00eenements intensifs.<\/p>\n<ul class=\"featuresul\">\n<li>Dos type nageur<\/li>\n<li>Tissu \u00e9lastique r\u00e9sistant au chlore<\/li>\n<li>Bon maintien de la poitrine<\/li>\n<li>Tissu opaque, non transparent<\/li>\n<li>Type de coupe : ajust\u00e9e<\/li>\n<li>Ext\u00e9rieur 80% Polyamide, 20% \u00c9lasthanne \/ int\u00e9rieur 100% Polyester<\/li>\n<\/ul>\n","protected":false},"excerpt":{"rendered":"<p>Maillot de bain f\u00e9minin con\u00e7u pour la comp\u00e9tition. Tissu super \u00e9lastique, s&rsquo;adapte \u00e0 la silhouette et garantit un excellent maintien. Technologie de s\u00e9chage rapide pour que le corps s\u00e8che rapidement.<\/p>\n","protected":false},"featured_media":34407,"template":"","meta":[],"product_brand":[],"product_cat":[15],"product_tag":[],"class_list":{"0":"post-29761","1":"product","2":"type-product","3":"status-publish","4":"has-post-thumbnail","6":"product_cat-fitness","7":"pa_couleur-black-white","8":"pa_taille-l","9":"pa_taille-xl","11":"first","12":"instock","13":"purchasable","14":"product-type-variable"},"_links":{"self":[{"href":"https:\/\/accrosport.tn\/index.php\/wp-json\/wp\/v2\/product\/29761","targetHints":{"allow":["GET"]}}],"collection":[{"href":"https:\/\/accrosport.tn\/index.php\/wp-json\/wp\/v2\/product"}],"about":[{"href":"https:\/\/accrosport.tn\/index.php\/wp-json\/wp\/v2\/types\/product"}],"wp:featuredmedia":[{"embeddable":true,"href":"https:\/\/accrosport.tn\/index.php\/wp-json\/wp\/v2\/media\/34407"}],"wp:attachment":[{"href":"https:\/\/accrosport.tn\/index.php\/wp-json\/wp\/v2\/media?parent=29761"}],"wp:term":[{"taxonomy":"product_brand","embeddable":true,"href":"https:\/\/accrosport.tn\/index.php\/wp-json\/wp\/v2\/product_brand?post=29761"},{"taxonomy":"product_cat","embeddable":true,"href":"https:\/\/accrosport.tn\/index.php\/wp-json\/wp\/v2\/product_cat?post=29761"},{"taxonomy":"product_tag","embeddable":true,"href":"https:\/\/accrosport.tn\/index.php\/wp-json\/wp\/v2\/product_tag?post=29761"}],"curies":[{"name":"wp","href":"https:\/\/api.w.org\/{rel}","templated":true}]}}