{"id":29732,"date":"2025-09-26T14:15:42","date_gmt":"2025-09-26T14:15:42","guid":{"rendered":"https:\/\/accrosport.tn\/index.php\/product\/falda-katy-ii-blanco\/"},"modified":"2026-03-11T12:46:41","modified_gmt":"2026-03-11T12:46:41","slug":"falda-katy-ii-blanco","status":"publish","type":"product","link":"https:\/\/accrosport.tn\/index.php\/product\/falda-katy-ii-blanco\/","title":{"rendered":"Jupe femme Katy II blanc"},"content":{"rendered":"<p>Jupe de tennis \u00e0 short int\u00e9rieur. Liser\u00e9s de couleur contrast\u00e9e sur le devant. Logo J brod\u00e9.<\/p>\n<ul class=\"featuresul\">\n<li>Sous-short<\/li>\n<li>Tissu doux et confortable<\/li>\n<li>Libert\u00e9 de mouvement<\/li>\n<li>Tissu opaque, non transparent<\/li>\n<li>Type de coupe : r\u00e9guli\u00e8re<\/li>\n<li>100% Polyester<\/li>\n<\/ul>\n","protected":false},"excerpt":{"rendered":"<div class=\"container product-detail product-wrapper\" data-product-url=\"https:\/\/www.joma-sport.com\/on\/demandware.store\/Sites-joma_eu-Site\/fr_FR\/Product-Show?pid=%24product%24\" data-sizebay-tenantid=\"3356\" data-pid=\"900812.200\">\n<div class=\"row\">\n<div class=\"product-container-information contentPDP-right\">\n<div class=\"product-sticky\">\n<div class=\"short-description\">\n<div class=\"text-short-description\">Jupe de tennis et padel femme. Shorty int\u00e9rieur pour renforcer le v\u00eatement et \u00e9viter les frottements. Vous n&rsquo;aurez qu&rsquo;\u00e0 vous concentrer sur votre objectif.<\/div>\n<\/div>\n<\/div>\n<\/div>\n<\/div>\n<\/div>\n<div class=\"container product-detail \">\n<div class=\"row\">\n<div class=\"col-sm-12\">\n<div id=\"cq_recomm_slot-4432818939b95f78a018708f9e\">\n<div class=\"recommendations completeSet\"><\/div>\n<\/div>\n<\/div>\n<\/div>\n<\/div>\n","protected":false},"featured_media":34531,"template":"","meta":[],"product_brand":[],"product_cat":[42,58],"product_tag":[],"class_list":{"0":"post-29732","1":"product","2":"type-product","3":"status-publish","4":"has-post-thumbnail","6":"product_cat-femme","7":"product_cat-bermudas-et-shorts","8":"pa_couleur-white","9":"pa_taille-l","10":"pa_taille-m","11":"pa_taille-xs","13":"first","14":"outofstock","15":"purchasable","16":"product-type-variable"},"_links":{"self":[{"href":"https:\/\/accrosport.tn\/index.php\/wp-json\/wp\/v2\/product\/29732","targetHints":{"allow":["GET"]}}],"collection":[{"href":"https:\/\/accrosport.tn\/index.php\/wp-json\/wp\/v2\/product"}],"about":[{"href":"https:\/\/accrosport.tn\/index.php\/wp-json\/wp\/v2\/types\/product"}],"wp:featuredmedia":[{"embeddable":true,"href":"https:\/\/accrosport.tn\/index.php\/wp-json\/wp\/v2\/media\/34531"}],"wp:attachment":[{"href":"https:\/\/accrosport.tn\/index.php\/wp-json\/wp\/v2\/media?parent=29732"}],"wp:term":[{"taxonomy":"product_brand","embeddable":true,"href":"https:\/\/accrosport.tn\/index.php\/wp-json\/wp\/v2\/product_brand?post=29732"},{"taxonomy":"product_cat","embeddable":true,"href":"https:\/\/accrosport.tn\/index.php\/wp-json\/wp\/v2\/product_cat?post=29732"},{"taxonomy":"product_tag","embeddable":true,"href":"https:\/\/accrosport.tn\/index.php\/wp-json\/wp\/v2\/product_tag?post=29732"}],"curies":[{"name":"wp","href":"https:\/\/api.w.org\/{rel}","templated":true}]}}