{"id":29728,"date":"2025-09-26T14:15:42","date_gmt":"2025-09-26T14:15:42","guid":{"rendered":"https:\/\/accrosport.tn\/index.php\/product\/falda-katy-ii-negro\/"},"modified":"2026-03-11T12:46:41","modified_gmt":"2026-03-11T12:46:41","slug":"falda-katy-ii-negro","status":"publish","type":"product","link":"https:\/\/accrosport.tn\/index.php\/product\/falda-katy-ii-negro\/","title":{"rendered":"Jupe femme Katy II noir"},"content":{"rendered":"<p>Jupe de tennis \u00e0 short int\u00e9rieur. Liser\u00e9s de couleur contrast\u00e9e sur le devant. Logo J brod\u00e9.<\/p>\n<ul class=\"featuresul\">\n<li>Sous-short<\/li>\n<li>Tissu doux et confortable<\/li>\n<li>Libert\u00e9 de mouvement<\/li>\n<li>Tissu opaque, non transparent<\/li>\n<li>Type de coupe : r\u00e9guli\u00e8re<\/li>\n<li>100% Polyester<\/li>\n<\/ul>\n","protected":false},"excerpt":{"rendered":"<p>Jupe de tennis et padel femme. Shorty int\u00e9rieur pour renforcer le v\u00eatement et \u00e9viter les frottements. Vous n&rsquo;aurez qu&rsquo;\u00e0 vous concentrer sur votre objectif.<\/p>\n","protected":false},"featured_media":34526,"template":"","meta":[],"product_brand":[],"product_cat":[42,58],"product_tag":[],"class_list":{"0":"post-29728","1":"product","2":"type-product","3":"status-publish","4":"has-post-thumbnail","6":"product_cat-femme","7":"product_cat-bermudas-et-shorts","8":"pa_couleur-noir","9":"pa_taille-l","10":"pa_taille-s","11":"pa_taille-xs","13":"first","14":"outofstock","15":"purchasable","16":"product-type-variable"},"_links":{"self":[{"href":"https:\/\/accrosport.tn\/index.php\/wp-json\/wp\/v2\/product\/29728","targetHints":{"allow":["GET"]}}],"collection":[{"href":"https:\/\/accrosport.tn\/index.php\/wp-json\/wp\/v2\/product"}],"about":[{"href":"https:\/\/accrosport.tn\/index.php\/wp-json\/wp\/v2\/types\/product"}],"wp:featuredmedia":[{"embeddable":true,"href":"https:\/\/accrosport.tn\/index.php\/wp-json\/wp\/v2\/media\/34526"}],"wp:attachment":[{"href":"https:\/\/accrosport.tn\/index.php\/wp-json\/wp\/v2\/media?parent=29728"}],"wp:term":[{"taxonomy":"product_brand","embeddable":true,"href":"https:\/\/accrosport.tn\/index.php\/wp-json\/wp\/v2\/product_brand?post=29728"},{"taxonomy":"product_cat","embeddable":true,"href":"https:\/\/accrosport.tn\/index.php\/wp-json\/wp\/v2\/product_cat?post=29728"},{"taxonomy":"product_tag","embeddable":true,"href":"https:\/\/accrosport.tn\/index.php\/wp-json\/wp\/v2\/product_tag?post=29728"}],"curies":[{"name":"wp","href":"https:\/\/api.w.org\/{rel}","templated":true}]}}