{"id":29717,"date":"2025-09-26T14:15:37","date_gmt":"2025-09-26T14:15:37","guid":{"rendered":"https:\/\/accrosport.tn\/index.php\/product\/shirt-torneo-ii-turquoise-whi\/"},"modified":"2025-10-24T14:31:54","modified_gmt":"2025-10-24T14:31:54","slug":"shirt-torneo-ii-turquoise-whi","status":"publish","type":"product","link":"https:\/\/accrosport.tn\/index.php\/product\/shirt-torneo-ii-turquoise-whi\/","title":{"rendered":"D\u00e9bardeur femme Joma Torneo II"},"content":{"rendered":"<p>D\u00e9bardeur femme Joma Tournoi II<\/p>\n<p>D\u00e9bardeur avec un design gaufr\u00e9 sur la partie avant. Au niveau du d\u00e9collet\u00e9 et des emmanchures il a des finitions passepoil. Avec DRY MX, une technologie capable de contr\u00f4ler l&rsquo;humidit\u00e9 corporelle du sport.<\/p>\n<p>Les produits femme ont tendance \u00e0 tailler petit.<\/p>\n","protected":false},"excerpt":{"rendered":"<p>D\u00e9bardeur femme Joma Tournoi II<\/p>\n","protected":false},"featured_media":34542,"template":"","meta":[],"product_brand":[],"product_cat":[42,56],"product_tag":[],"class_list":{"0":"post-29717","1":"product","2":"type-product","3":"status-publish","4":"has-post-thumbnail","6":"product_cat-femme","7":"product_cat-polos-et-t-shirt","8":"pa_couleur-blanco-turquesa","9":"pa_taille-2xs","10":"pa_taille-l","11":"pa_taille-m","12":"pa_taille-s","13":"pa_taille-xl","14":"pa_taille-xs","16":"first","17":"outofstock","18":"purchasable","19":"product-type-variable"},"_links":{"self":[{"href":"https:\/\/accrosport.tn\/index.php\/wp-json\/wp\/v2\/product\/29717","targetHints":{"allow":["GET"]}}],"collection":[{"href":"https:\/\/accrosport.tn\/index.php\/wp-json\/wp\/v2\/product"}],"about":[{"href":"https:\/\/accrosport.tn\/index.php\/wp-json\/wp\/v2\/types\/product"}],"wp:featuredmedia":[{"embeddable":true,"href":"https:\/\/accrosport.tn\/index.php\/wp-json\/wp\/v2\/media\/34542"}],"wp:attachment":[{"href":"https:\/\/accrosport.tn\/index.php\/wp-json\/wp\/v2\/media?parent=29717"}],"wp:term":[{"taxonomy":"product_brand","embeddable":true,"href":"https:\/\/accrosport.tn\/index.php\/wp-json\/wp\/v2\/product_brand?post=29717"},{"taxonomy":"product_cat","embeddable":true,"href":"https:\/\/accrosport.tn\/index.php\/wp-json\/wp\/v2\/product_cat?post=29717"},{"taxonomy":"product_tag","embeddable":true,"href":"https:\/\/accrosport.tn\/index.php\/wp-json\/wp\/v2\/product_tag?post=29717"}],"curies":[{"name":"wp","href":"https:\/\/api.w.org\/{rel}","templated":true}]}}