{"id":29707,"date":"2025-09-26T14:15:37","date_gmt":"2025-09-26T14:15:37","guid":{"rendered":"https:\/\/accrosport.tn\/index.php\/product\/tshirt-larisa-light-pink-sleev\/"},"modified":"2025-12-18T06:35:33","modified_gmt":"2025-12-18T06:35:33","slug":"tshirt-larisa-light-pink-sleev","status":"publish","type":"product","link":"https:\/\/accrosport.tn\/index.php\/product\/tshirt-larisa-light-pink-sleev\/","title":{"rendered":"T-shirt femme LARISA 900708.530"},"content":{"rendered":"<p>T-SHIRT ROSE LARISA FEMME JOMA<br \/>\nD\u00e9bardeur avec nageur style retour.<\/p>\n<p>Logo brod\u00e9.<\/p>\n<p>Incorporer la technologie sur les c\u00f4t\u00e9s Micro-Mesh pour favoriser la transpirationn de l&rsquo;athl\u00e8te. <\/p>\n<p>Composition 65 % polyester 35 % coton.<\/p>\n","protected":false},"excerpt":{"rendered":"<p>T-SHIRT ROSE LARISA FEMME JOMA<\/p>\n","protected":false},"featured_media":34536,"template":"","meta":[],"product_brand":[],"product_cat":[42,56],"product_tag":[],"class_list":{"0":"post-29707","1":"product","2":"type-product","3":"status-publish","4":"has-post-thumbnail","6":"product_cat-femme","7":"product_cat-polos-et-t-shirt","8":"pa_couleur-rosa-claro","9":"pa_taille-l","10":"pa_taille-m","11":"pa_taille-s","12":"pa_taille-xl","14":"first","15":"outofstock","16":"purchasable","17":"product-type-variable"},"_links":{"self":[{"href":"https:\/\/accrosport.tn\/index.php\/wp-json\/wp\/v2\/product\/29707","targetHints":{"allow":["GET"]}}],"collection":[{"href":"https:\/\/accrosport.tn\/index.php\/wp-json\/wp\/v2\/product"}],"about":[{"href":"https:\/\/accrosport.tn\/index.php\/wp-json\/wp\/v2\/types\/product"}],"wp:featuredmedia":[{"embeddable":true,"href":"https:\/\/accrosport.tn\/index.php\/wp-json\/wp\/v2\/media\/34536"}],"wp:attachment":[{"href":"https:\/\/accrosport.tn\/index.php\/wp-json\/wp\/v2\/media?parent=29707"}],"wp:term":[{"taxonomy":"product_brand","embeddable":true,"href":"https:\/\/accrosport.tn\/index.php\/wp-json\/wp\/v2\/product_brand?post=29707"},{"taxonomy":"product_cat","embeddable":true,"href":"https:\/\/accrosport.tn\/index.php\/wp-json\/wp\/v2\/product_cat?post=29707"},{"taxonomy":"product_tag","embeddable":true,"href":"https:\/\/accrosport.tn\/index.php\/wp-json\/wp\/v2\/product_tag?post=29707"}],"curies":[{"name":"wp","href":"https:\/\/api.w.org\/{rel}","templated":true}]}}