{"id":29682,"date":"2025-09-26T14:15:31","date_gmt":"2025-09-26T14:15:31","guid":{"rendered":"https:\/\/accrosport.tn\/index.php\/product\/camiseta-siena-amarillo-fluor\/"},"modified":"2025-10-28T17:27:23","modified_gmt":"2025-10-28T17:27:23","slug":"camiseta-siena-amarillo-fluor","status":"publish","type":"product","link":"https:\/\/accrosport.tn\/index.php\/product\/camiseta-siena-amarillo-fluor\/","title":{"rendered":"D\u00e9bardeur femme Siena II jaune fluo"},"content":{"rendered":"<p>D\u00e9bardeur \u00e0 col rond qui int\u00e8gre la technologie Micro-Mesh pour favoriser la transpiration. Logo s\u00e9rigraphi\u00e9.<\/p>\n<ul class=\"featuresul\">\n<li>Bretelles<\/li>\n<li>Dos type nageur<\/li>\n<li>Tissu l\u00e9ger et respirant<\/li>\n<li>Technologie Micro-Mesh dans les zones qui transpirent le plus<\/li>\n<li>Limite les mauvaises odeurs<\/li>\n<li>Libert\u00e9 de mouvement<\/li>\n<li>Type de coupe : semi fitted<\/li>\n<li>100% Polyester<\/li>\n<\/ul>\n","protected":false},"excerpt":{"rendered":"<p>D\u00e9bardeur femme\/fille. Il est tr\u00e8s l\u00e9ger pour limiter la transpiration. Sensations de fra\u00eecheur et de s\u00e9cheresse garanties pendant la pratique sportive.<\/p>\n","protected":false},"featured_media":34547,"template":"","meta":[],"product_brand":[],"product_cat":[42,56],"product_tag":[],"class_list":{"0":"post-29682","1":"product","2":"type-product","3":"status-publish","4":"has-post-thumbnail","6":"product_cat-femme","7":"product_cat-polos-et-t-shirt","8":"pa_couleur-amarillo","9":"pa_taille-l","10":"pa_taille-xl","12":"first","13":"outofstock","14":"purchasable","15":"product-type-variable"},"_links":{"self":[{"href":"https:\/\/accrosport.tn\/index.php\/wp-json\/wp\/v2\/product\/29682","targetHints":{"allow":["GET"]}}],"collection":[{"href":"https:\/\/accrosport.tn\/index.php\/wp-json\/wp\/v2\/product"}],"about":[{"href":"https:\/\/accrosport.tn\/index.php\/wp-json\/wp\/v2\/types\/product"}],"wp:featuredmedia":[{"embeddable":true,"href":"https:\/\/accrosport.tn\/index.php\/wp-json\/wp\/v2\/media\/34547"}],"wp:attachment":[{"href":"https:\/\/accrosport.tn\/index.php\/wp-json\/wp\/v2\/media?parent=29682"}],"wp:term":[{"taxonomy":"product_brand","embeddable":true,"href":"https:\/\/accrosport.tn\/index.php\/wp-json\/wp\/v2\/product_brand?post=29682"},{"taxonomy":"product_cat","embeddable":true,"href":"https:\/\/accrosport.tn\/index.php\/wp-json\/wp\/v2\/product_cat?post=29682"},{"taxonomy":"product_tag","embeddable":true,"href":"https:\/\/accrosport.tn\/index.php\/wp-json\/wp\/v2\/product_tag?post=29682"}],"curies":[{"name":"wp","href":"https:\/\/api.w.org\/{rel}","templated":true}]}}