{"id":29679,"date":"2025-09-26T14:15:26","date_gmt":"2025-09-26T14:15:26","guid":{"rendered":"https:\/\/accrosport.tn\/index.php\/product\/camiseta-siena-coral-flour-s-m\/"},"modified":"2025-10-28T10:24:18","modified_gmt":"2025-10-28T10:24:18","slug":"camiseta-siena-coral-flour-s-m","status":"publish","type":"product","link":"https:\/\/accrosport.tn\/index.php\/product\/camiseta-siena-coral-flour-s-m\/","title":{"rendered":"D\u00e9bardeur femme Siena II corail fluo"},"content":{"rendered":"<p>D\u00e9bardeur \u00e0 col rond qui int\u00e8gre la technologie Micro-Mesh pour favoriser la transpiration. Logo s\u00e9rigraphi\u00e9.<\/p>\n","protected":false},"excerpt":{"rendered":"<p>D\u00e9bardeur femme\/fille. Il est tr\u00e8s l\u00e9ger pour limiter la transpiration. Sensations de fra\u00eecheur et de s\u00e9cheresse garanties pendant la pratique sportive.<\/p>\n","protected":false},"featured_media":34615,"template":"","meta":[],"product_brand":[],"product_cat":[42,56],"product_tag":[],"class_list":{"0":"post-29679","1":"product","2":"type-product","3":"status-publish","4":"has-post-thumbnail","6":"product_cat-femme","7":"product_cat-polos-et-t-shirt","8":"pa_couleur-coral-fluor","9":"pa_taille-s","10":"pa_taille-xs","12":"first","13":"outofstock","14":"purchasable","15":"product-type-variable"},"_links":{"self":[{"href":"https:\/\/accrosport.tn\/index.php\/wp-json\/wp\/v2\/product\/29679","targetHints":{"allow":["GET"]}}],"collection":[{"href":"https:\/\/accrosport.tn\/index.php\/wp-json\/wp\/v2\/product"}],"about":[{"href":"https:\/\/accrosport.tn\/index.php\/wp-json\/wp\/v2\/types\/product"}],"wp:featuredmedia":[{"embeddable":true,"href":"https:\/\/accrosport.tn\/index.php\/wp-json\/wp\/v2\/media\/34615"}],"wp:attachment":[{"href":"https:\/\/accrosport.tn\/index.php\/wp-json\/wp\/v2\/media?parent=29679"}],"wp:term":[{"taxonomy":"product_brand","embeddable":true,"href":"https:\/\/accrosport.tn\/index.php\/wp-json\/wp\/v2\/product_brand?post=29679"},{"taxonomy":"product_cat","embeddable":true,"href":"https:\/\/accrosport.tn\/index.php\/wp-json\/wp\/v2\/product_cat?post=29679"},{"taxonomy":"product_tag","embeddable":true,"href":"https:\/\/accrosport.tn\/index.php\/wp-json\/wp\/v2\/product_tag?post=29679"}],"curies":[{"name":"wp","href":"https:\/\/api.w.org\/{rel}","templated":true}]}}