{"id":29647,"date":"2025-09-26T14:15:21","date_gmt":"2025-09-26T14:15:21","guid":{"rendered":"https:\/\/accrosport.tn\/index.php\/product\/pantalon-largo-latino-ii-negro\/"},"modified":"2025-10-28T11:01:28","modified_gmt":"2025-10-28T11:01:28","slug":"pantalon-largo-latino-ii-negro","status":"publish","type":"product","link":"https:\/\/accrosport.tn\/index.php\/product\/pantalon-largo-latino-ii-negro\/","title":{"rendered":"Leggings Joma Latino II 900607.100"},"content":{"rendered":"<p>Des gu\u00eatres classiques pour femmes qui apporteront confort et commodit\u00e9 dans les cours du quotidien et lors des activit\u00e9s sportives. Un grand avantage est qu&rsquo;ils n&rsquo;absorbent pas la sueur. Les leggings ont une large gencive \u00e0 la taille et de longues jambes assorties.<\/p>\n","protected":false},"excerpt":{"rendered":"<section id=\"projector_longdescription\" class=\"section longdescription cm\" data-dictionary=\"true\">Leggings Joma Latino II sont des gu\u00eatres classiques pour femmes qui apporteront confort et commodit\u00e9 dans les cours du quotidien et lors des activit\u00e9s sportives. Un grand avantage est qu&rsquo;ils n&rsquo;absorbent pas la sueur. Les leggings ont une large gencive \u00e0 la taille et de longues jambes assorties.<\/section>\n<section id=\"projector_dictionary\" class=\"section dictionary\">\n<div class=\"dictionary__group --first --no-group\">\n<div class=\"dictionary__param row mb-3\" data-producer=\"true\">\n<div class=\"dictionary__name col-6 d-flex flex-column align-items-end\"><\/div>\n<\/div>\n<\/div>\n<\/section>\n","protected":false},"featured_media":34620,"template":"","meta":[],"product_brand":[],"product_cat":[42,58],"product_tag":[],"class_list":{"0":"post-29647","1":"product","2":"type-product","3":"status-publish","4":"has-post-thumbnail","6":"product_cat-femme","7":"product_cat-bermudas-et-shorts","8":"pa_couleur-negro","9":"pa_taille-l","10":"pa_taille-m","11":"pa_taille-s","12":"pa_taille-xl","13":"pa_taille-xs","14":"pa_taille-xxl","16":"first","17":"outofstock","18":"purchasable","19":"product-type-variable"},"_links":{"self":[{"href":"https:\/\/accrosport.tn\/index.php\/wp-json\/wp\/v2\/product\/29647","targetHints":{"allow":["GET"]}}],"collection":[{"href":"https:\/\/accrosport.tn\/index.php\/wp-json\/wp\/v2\/product"}],"about":[{"href":"https:\/\/accrosport.tn\/index.php\/wp-json\/wp\/v2\/types\/product"}],"wp:featuredmedia":[{"embeddable":true,"href":"https:\/\/accrosport.tn\/index.php\/wp-json\/wp\/v2\/media\/34620"}],"wp:attachment":[{"href":"https:\/\/accrosport.tn\/index.php\/wp-json\/wp\/v2\/media?parent=29647"}],"wp:term":[{"taxonomy":"product_brand","embeddable":true,"href":"https:\/\/accrosport.tn\/index.php\/wp-json\/wp\/v2\/product_brand?post=29647"},{"taxonomy":"product_cat","embeddable":true,"href":"https:\/\/accrosport.tn\/index.php\/wp-json\/wp\/v2\/product_cat?post=29647"},{"taxonomy":"product_tag","embeddable":true,"href":"https:\/\/accrosport.tn\/index.php\/wp-json\/wp\/v2\/product_tag?post=29647"}],"curies":[{"name":"wp","href":"https:\/\/api.w.org\/{rel}","templated":true}]}}