{"id":29643,"date":"2025-09-26T14:15:21","date_gmt":"2025-09-26T14:15:21","guid":{"rendered":"https:\/\/accrosport.tn\/index.php\/product\/short-stella-ii-pink-woman\/"},"modified":"2025-10-28T10:47:46","modified_gmt":"2025-10-28T10:47:46","slug":"short-stella-ii-pink-woman","status":"publish","type":"product","link":"https:\/\/accrosport.tn\/index.php\/product\/short-stella-ii-pink-woman\/","title":{"rendered":"Short femme Stella II rose"},"content":{"rendered":"<p>Short avec une ouverture courb\u00e9e sur le c\u00f4t\u00e9 pour favoriser la mobilit\u00e9. Avec une ceinture \u00e9lastique et un cordon int\u00e9rieur pour un ajustement optimal.<\/p>\n<ul class=\"featuresul\">\n<li>Ceinture \u00e9lastique \u00e0 cordon int\u00e9rieur<\/li>\n<li>Tissu l\u00e9ger et respirant<\/li>\n<li>Libert\u00e9 de mouvement<\/li>\n<li>Type de coupe : r\u00e9guli\u00e8re<\/li>\n<li>100% Polyester<\/li>\n<\/ul>\n","protected":false},"excerpt":{"rendered":"<p>Short de sport femme\/fille. L&rsquo;ouverture sur le c\u00f4t\u00e9 favorise la libert\u00e9 de mouvement. Le tissu et la coupe s&rsquo;adaptent au corps. Un basique par excellence.<\/p>\n","protected":false},"featured_media":34618,"template":"","meta":[],"product_brand":[],"product_cat":[42,58],"product_tag":[],"class_list":{"0":"post-29643","1":"product","2":"type-product","3":"status-publish","4":"has-post-thumbnail","6":"product_cat-femme","7":"product_cat-bermudas-et-shorts","8":"pa_couleur-rosa","9":"pa_taille-l","10":"pa_taille-m","11":"pa_taille-xl","13":"first","14":"outofstock","15":"purchasable","16":"product-type-variable"},"_links":{"self":[{"href":"https:\/\/accrosport.tn\/index.php\/wp-json\/wp\/v2\/product\/29643","targetHints":{"allow":["GET"]}}],"collection":[{"href":"https:\/\/accrosport.tn\/index.php\/wp-json\/wp\/v2\/product"}],"about":[{"href":"https:\/\/accrosport.tn\/index.php\/wp-json\/wp\/v2\/types\/product"}],"wp:featuredmedia":[{"embeddable":true,"href":"https:\/\/accrosport.tn\/index.php\/wp-json\/wp\/v2\/media\/34618"}],"wp:attachment":[{"href":"https:\/\/accrosport.tn\/index.php\/wp-json\/wp\/v2\/media?parent=29643"}],"wp:term":[{"taxonomy":"product_brand","embeddable":true,"href":"https:\/\/accrosport.tn\/index.php\/wp-json\/wp\/v2\/product_brand?post=29643"},{"taxonomy":"product_cat","embeddable":true,"href":"https:\/\/accrosport.tn\/index.php\/wp-json\/wp\/v2\/product_cat?post=29643"},{"taxonomy":"product_tag","embeddable":true,"href":"https:\/\/accrosport.tn\/index.php\/wp-json\/wp\/v2\/product_tag?post=29643"}],"curies":[{"name":"wp","href":"https:\/\/api.w.org\/{rel}","templated":true}]}}