{"id":29638,"date":"2025-09-26T14:15:16","date_gmt":"2025-09-26T14:15:16","guid":{"rendered":"https:\/\/accrosport.tn\/index.php\/product\/camiseta-combi-woman-rojo\/"},"modified":"2025-10-28T14:31:52","modified_gmt":"2025-10-28T14:31:52","slug":"camiseta-combi-woman-rojo","status":"publish","type":"product","link":"https:\/\/accrosport.tn\/index.php\/product\/camiseta-combi-woman-rojo\/","title":{"rendered":"Maillot manches courtes femme Combi rouge"},"content":{"rendered":"<p>T-shirt \u00e0 manches courtes pour femme\/fille. Mod\u00e8le sportif tr\u00e8s confortable et respirant pour l\u2019entra\u00eenement, la marche ou la salle de sport. Vous y trouverez tout ce que vous attendez d\u2019un t-shirt d\u2019entra\u00eenement : l\u00e9g\u00e8ret\u00e9, r\u00e9sistance et respirabilit\u00e9.<\/p>\n<p>Ce t-shirt se caract\u00e9rise par son col ras du cou \u00e9lastique. Il est fabriqu\u00e9 dans un tissu l\u00e9ger et respirant qui \u00e9vite les mauvaises odeurs \u00e0 la fin de l\u2019entra\u00eenement. Il incorpore la technologie MICRO-MESH SYSTEM dans les zones de plus grande transpiration, capable d\u2019\u00e9vacuer la sueur et de contr\u00f4ler l\u2019humidit\u00e9 du corps de la sportive. De plus, la coupe permet \u00e0 la sportive d\u2019effectuer tous ses mouvements en toute libert\u00e9.<\/p>\n<p>Son design est basique et sobre, ce qui permet de le combiner facilement avec d\u2019autres v\u00eatements. Un basique dans la garde-robe de toute sportive.<\/p>\n<p>Logo Joma s\u00e9rigraphi\u00e9.<\/p>\n<ul class=\"featuresul\">\n<li>Manches courtes<\/li>\n<li>Col rond<\/li>\n<li>Tissu l\u00e9ger et respirant<\/li>\n<li>Technologie Micro-Mesh dans les zones qui transpirent le plus<\/li>\n<li>Limite les mauvaises odeurs<\/li>\n<li>Libert\u00e9 de mouvement<\/li>\n<li>Type de coupe : semi fitted<\/li>\n<li>100% Polyester<\/li>\n<\/ul>\n","protected":false},"excerpt":{"rendered":"<p>Maillot manches courtes femme\/enfant. Confortable et respirant, l\u2019id\u00e9al pour la pratique sportive.<\/p>\n","protected":false},"featured_media":34652,"template":"","meta":[],"product_brand":[],"product_cat":[42,56],"product_tag":[],"class_list":{"0":"post-29638","1":"product","2":"type-product","3":"status-publish","4":"has-post-thumbnail","6":"product_cat-femme","7":"product_cat-polos-et-t-shirt","8":"pa_couleur-red","9":"pa_taille-l","10":"pa_taille-m","11":"pa_taille-s","12":"pa_taille-xs","14":"first","15":"outofstock","16":"purchasable","17":"product-type-variable"},"_links":{"self":[{"href":"https:\/\/accrosport.tn\/index.php\/wp-json\/wp\/v2\/product\/29638","targetHints":{"allow":["GET"]}}],"collection":[{"href":"https:\/\/accrosport.tn\/index.php\/wp-json\/wp\/v2\/product"}],"about":[{"href":"https:\/\/accrosport.tn\/index.php\/wp-json\/wp\/v2\/types\/product"}],"wp:featuredmedia":[{"embeddable":true,"href":"https:\/\/accrosport.tn\/index.php\/wp-json\/wp\/v2\/media\/34652"}],"wp:attachment":[{"href":"https:\/\/accrosport.tn\/index.php\/wp-json\/wp\/v2\/media?parent=29638"}],"wp:term":[{"taxonomy":"product_brand","embeddable":true,"href":"https:\/\/accrosport.tn\/index.php\/wp-json\/wp\/v2\/product_brand?post=29638"},{"taxonomy":"product_cat","embeddable":true,"href":"https:\/\/accrosport.tn\/index.php\/wp-json\/wp\/v2\/product_cat?post=29638"},{"taxonomy":"product_tag","embeddable":true,"href":"https:\/\/accrosport.tn\/index.php\/wp-json\/wp\/v2\/product_tag?post=29638"}],"curies":[{"name":"wp","href":"https:\/\/api.w.org\/{rel}","templated":true}]}}