{"id":29632,"date":"2025-09-26T14:15:16","date_gmt":"2025-09-26T14:15:16","guid":{"rendered":"https:\/\/accrosport.tn\/index.php\/product\/t-shirt-running-fuchsia-s-s\/"},"modified":"2025-10-28T13:38:11","modified_gmt":"2025-10-28T13:38:11","slug":"t-shirt-running-fuchsia-s-s","status":"publish","type":"product","link":"https:\/\/accrosport.tn\/index.php\/product\/t-shirt-running-fuchsia-s-s\/","title":{"rendered":"T-SHIRT DE COURSE FUCHSIA \u00c0 MANCHES COURTES S\/S"},"content":{"rendered":"<p>T-shirt au col arrondi, avec une section de contraste de couleur sur les \u00e9paules. Avec DRY MX, une technologie capable de contr\u00f4ler la transpiration du sportif.<\/p>\n","protected":false},"excerpt":{"rendered":"<p>T-shirt avec un col rond et un insert contrast\u00e9 color\u00e9 sur les \u00e9paules. Fabriqu\u00e9 \u00e0 l&rsquo;aide de la technologie MICRO-MESH pour \u00e9liminer l&rsquo;humidit\u00e9 de la peau de l&rsquo;athl\u00e8te.<\/p>\n","protected":false},"featured_media":34638,"template":"","meta":[],"product_brand":[],"product_cat":[42,56],"product_tag":[],"class_list":{"0":"post-29632","1":"product","2":"type-product","3":"status-publish","4":"has-post-thumbnail","6":"product_cat-femme","7":"product_cat-polos-et-t-shirt","8":"pa_couleur-fucsia","9":"pa_taille-l","10":"pa_taille-s","11":"pa_taille-xl","12":"pa_taille-xs","14":"first","15":"outofstock","16":"purchasable","17":"product-type-variable"},"_links":{"self":[{"href":"https:\/\/accrosport.tn\/index.php\/wp-json\/wp\/v2\/product\/29632","targetHints":{"allow":["GET"]}}],"collection":[{"href":"https:\/\/accrosport.tn\/index.php\/wp-json\/wp\/v2\/product"}],"about":[{"href":"https:\/\/accrosport.tn\/index.php\/wp-json\/wp\/v2\/types\/product"}],"wp:featuredmedia":[{"embeddable":true,"href":"https:\/\/accrosport.tn\/index.php\/wp-json\/wp\/v2\/media\/34638"}],"wp:attachment":[{"href":"https:\/\/accrosport.tn\/index.php\/wp-json\/wp\/v2\/media?parent=29632"}],"wp:term":[{"taxonomy":"product_brand","embeddable":true,"href":"https:\/\/accrosport.tn\/index.php\/wp-json\/wp\/v2\/product_brand?post=29632"},{"taxonomy":"product_cat","embeddable":true,"href":"https:\/\/accrosport.tn\/index.php\/wp-json\/wp\/v2\/product_cat?post=29632"},{"taxonomy":"product_tag","embeddable":true,"href":"https:\/\/accrosport.tn\/index.php\/wp-json\/wp\/v2\/product_tag?post=29632"}],"curies":[{"name":"wp","href":"https:\/\/api.w.org\/{rel}","templated":true}]}}