{"id":29624,"date":"2025-09-26T14:15:16","date_gmt":"2025-09-26T14:15:16","guid":{"rendered":"https:\/\/accrosport.tn\/index.php\/product\/spike-dark-royal-sleeveless-sh\/"},"modified":"2025-10-28T13:29:26","modified_gmt":"2025-10-28T13:29:26","slug":"spike-dark-royal-sleeveless-sh","status":"publish","type":"product","link":"https:\/\/accrosport.tn\/index.php\/product\/spike-dark-royal-sleeveless-sh\/","title":{"rendered":"Maillot sans manches Joma SPIKE 900239.700"},"content":{"rendered":"<p>e maillot SPIKE a une large gamme d&rsquo;applications. Application possible au volley-ball, handball, tennis, tennis carrion. Gr\u00e2ce au mat\u00e9riau polyester interlock, vous obtenez un mod\u00e8le qui s&rsquo;\u00e9tire bien, est solide et r\u00e9sistant aux influences environnementales possibles. Avant cela, la technologie MICRO-MESH contribue \u00e0 am\u00e9liorer la perm\u00e9abilit\u00e9 \u00e0 l\u2019air pour l\u2019\u00e9vaporation de l\u2019humidit\u00e9. Gr\u00e2ce \u00e0 cela, le corps reste sec, et la sensation de confort augmente.<\/p>\n","protected":false},"excerpt":{"rendered":"<p>Maillot femme SPIKE 900239.700 JOMA.<\/p>\n","protected":false},"featured_media":34632,"template":"","meta":[],"product_brand":[],"product_cat":[42,56],"product_tag":[],"class_list":{"0":"post-29624","1":"product","2":"type-product","3":"status-publish","4":"has-post-thumbnail","6":"product_cat-femme","7":"product_cat-polos-et-t-shirt","8":"pa_couleur-royal","9":"pa_taille-2xs","10":"pa_taille-l","11":"pa_taille-m","12":"pa_taille-s","13":"pa_taille-xl","14":"pa_taille-xs","15":"pa_taille-xxl","17":"first","18":"outofstock","19":"purchasable","20":"product-type-variable"},"_links":{"self":[{"href":"https:\/\/accrosport.tn\/index.php\/wp-json\/wp\/v2\/product\/29624","targetHints":{"allow":["GET"]}}],"collection":[{"href":"https:\/\/accrosport.tn\/index.php\/wp-json\/wp\/v2\/product"}],"about":[{"href":"https:\/\/accrosport.tn\/index.php\/wp-json\/wp\/v2\/types\/product"}],"wp:featuredmedia":[{"embeddable":true,"href":"https:\/\/accrosport.tn\/index.php\/wp-json\/wp\/v2\/media\/34632"}],"wp:attachment":[{"href":"https:\/\/accrosport.tn\/index.php\/wp-json\/wp\/v2\/media?parent=29624"}],"wp:term":[{"taxonomy":"product_brand","embeddable":true,"href":"https:\/\/accrosport.tn\/index.php\/wp-json\/wp\/v2\/product_brand?post=29624"},{"taxonomy":"product_cat","embeddable":true,"href":"https:\/\/accrosport.tn\/index.php\/wp-json\/wp\/v2\/product_cat?post=29624"},{"taxonomy":"product_tag","embeddable":true,"href":"https:\/\/accrosport.tn\/index.php\/wp-json\/wp\/v2\/product_tag?post=29624"}],"curies":[{"name":"wp","href":"https:\/\/api.w.org\/{rel}","templated":true}]}}