{"id":29618,"date":"2025-09-26T14:15:11","date_gmt":"2025-09-26T14:15:11","guid":{"rendered":"https:\/\/accrosport.tn\/index.php\/product\/t-shirt-spike-red-white-sleeve\/"},"modified":"2025-10-28T14:54:20","modified_gmt":"2025-10-28T14:54:20","slug":"t-shirt-spike-red-white-sleeve","status":"publish","type":"product","link":"https:\/\/accrosport.tn\/index.php\/product\/t-shirt-spike-red-white-sleeve\/","title":{"rendered":"D\u00e9bardeur femme Joma Spike"},"content":{"rendered":"<p>Maillot femme Joma Spike<\/p>\n<p>Maillot con\u00e7u avec un col rond avec une pi\u00e8ce en couleur contraste sur les \u00e9paules. Avec DRY MX, une technologie capable de contr\u00f4ler l&rsquo;humidit\u00e9 corporelle du sportif.<\/p>\n<p>Les produits femme ont tendance \u00e0 tailler petit.<\/p>\n","protected":false},"excerpt":{"rendered":"<p>Maillot con\u00e7u avec un col rond avec une pi\u00e8ce en couleur contraste sur les \u00e9paules. Avec DRY MX, une technologie capable de contr\u00f4ler l&rsquo;humidit\u00e9 corporelle du sportif.<\/p>\n","protected":false},"featured_media":34660,"template":"","meta":[],"product_brand":[],"product_cat":[42,56],"product_tag":[],"class_list":{"0":"post-29618","1":"product","2":"type-product","3":"status-publish","4":"has-post-thumbnail","6":"product_cat-femme","7":"product_cat-polos-et-t-shirt","8":"pa_couleur-rojo-blanco","9":"pa_taille-2xs","10":"pa_taille-m","11":"pa_taille-s","12":"pa_taille-xs","13":"pa_taille-xxl","15":"first","16":"outofstock","17":"purchasable","18":"product-type-variable"},"_links":{"self":[{"href":"https:\/\/accrosport.tn\/index.php\/wp-json\/wp\/v2\/product\/29618","targetHints":{"allow":["GET"]}}],"collection":[{"href":"https:\/\/accrosport.tn\/index.php\/wp-json\/wp\/v2\/product"}],"about":[{"href":"https:\/\/accrosport.tn\/index.php\/wp-json\/wp\/v2\/types\/product"}],"wp:featuredmedia":[{"embeddable":true,"href":"https:\/\/accrosport.tn\/index.php\/wp-json\/wp\/v2\/media\/34660"}],"wp:attachment":[{"href":"https:\/\/accrosport.tn\/index.php\/wp-json\/wp\/v2\/media?parent=29618"}],"wp:term":[{"taxonomy":"product_brand","embeddable":true,"href":"https:\/\/accrosport.tn\/index.php\/wp-json\/wp\/v2\/product_brand?post=29618"},{"taxonomy":"product_cat","embeddable":true,"href":"https:\/\/accrosport.tn\/index.php\/wp-json\/wp\/v2\/product_cat?post=29618"},{"taxonomy":"product_tag","embeddable":true,"href":"https:\/\/accrosport.tn\/index.php\/wp-json\/wp\/v2\/product_tag?post=29618"}],"curies":[{"name":"wp","href":"https:\/\/api.w.org\/{rel}","templated":true}]}}