{"id":29597,"date":"2025-09-26T14:15:06","date_gmt":"2025-09-26T14:15:06","guid":{"rendered":"https:\/\/accrosport.tn\/index.php\/product\/t-shirt-spike-white-red-sleeve\/"},"modified":"2025-10-28T15:41:48","modified_gmt":"2025-10-28T15:41:48","slug":"t-shirt-spike-white-red-sleeve","status":"publish","type":"product","link":"https:\/\/accrosport.tn\/index.php\/product\/t-shirt-spike-white-red-sleeve\/","title":{"rendered":"D\u00e9bardeur sans manches femme Spike blanc rouge"},"content":{"rendered":"<p>Maillot sans manche con\u00e7u avec un col rond avec une pi\u00e8ce en couleur contrast\u00e9e sur les \u00e9paules. Avec MICRO-MESH, une technologie capable de contr\u00f4ler l&rsquo;humidit\u00e9 corporelle du sportif.<\/p>\n<ul class=\"featuresul\">\n<li>Sans manches<\/li>\n<li>Col rond<\/li>\n<li>Tissu respirant<\/li>\n<li>Technologie Micro-Mesh dans les zones qui transpirent le plus<\/li>\n<li>Limite les mauvaises odeurs<\/li>\n<li>Bandes de couleur contrast\u00e9es<\/li>\n<li>Libert\u00e9 de mouvement<\/li>\n<li>Type de coupe : semi fitted<\/li>\n<li>100% Polyester<\/li>\n<\/ul>\n","protected":false},"excerpt":{"rendered":"<p>Maillot sans manche con\u00e7u avec un col rond avec une pi\u00e8ce en couleur contrast\u00e9e sur les \u00e9paules. Avec MICRO-MESH, une technologie capable de contr\u00f4ler l&rsquo;humidit\u00e9 corporelle du sportif.<\/p>\n","protected":false},"featured_media":34671,"template":"","meta":[],"product_brand":[],"product_cat":[42,56],"product_tag":[],"class_list":{"0":"post-29597","1":"product","2":"type-product","3":"status-publish","4":"has-post-thumbnail","6":"product_cat-femme","7":"product_cat-polos-et-t-shirt","8":"pa_couleur-blanco-rojo","9":"pa_taille-2xs","10":"pa_taille-l","11":"pa_taille-s","12":"pa_taille-xs","14":"first","15":"outofstock","16":"purchasable","17":"product-type-variable"},"_links":{"self":[{"href":"https:\/\/accrosport.tn\/index.php\/wp-json\/wp\/v2\/product\/29597","targetHints":{"allow":["GET"]}}],"collection":[{"href":"https:\/\/accrosport.tn\/index.php\/wp-json\/wp\/v2\/product"}],"about":[{"href":"https:\/\/accrosport.tn\/index.php\/wp-json\/wp\/v2\/types\/product"}],"wp:featuredmedia":[{"embeddable":true,"href":"https:\/\/accrosport.tn\/index.php\/wp-json\/wp\/v2\/media\/34671"}],"wp:attachment":[{"href":"https:\/\/accrosport.tn\/index.php\/wp-json\/wp\/v2\/media?parent=29597"}],"wp:term":[{"taxonomy":"product_brand","embeddable":true,"href":"https:\/\/accrosport.tn\/index.php\/wp-json\/wp\/v2\/product_brand?post=29597"},{"taxonomy":"product_cat","embeddable":true,"href":"https:\/\/accrosport.tn\/index.php\/wp-json\/wp\/v2\/product_cat?post=29597"},{"taxonomy":"product_tag","embeddable":true,"href":"https:\/\/accrosport.tn\/index.php\/wp-json\/wp\/v2\/product_tag?post=29597"}],"curies":[{"name":"wp","href":"https:\/\/api.w.org\/{rel}","templated":true}]}}