{"id":29590,"date":"2025-09-26T14:15:06","date_gmt":"2025-09-26T14:15:06","guid":{"rendered":"https:\/\/accrosport.tn\/index.php\/product\/long-pant-tight-running-purple\/"},"modified":"2025-12-18T15:36:51","modified_gmt":"2025-12-18T15:36:51","slug":"long-pant-tight-running-purple","status":"publish","type":"product","link":"https:\/\/accrosport.tn\/index.php\/product\/long-pant-tight-running-purple\/","title":{"rendered":"Pantalon de sport pour femme bordeaux Joma"},"content":{"rendered":"<p>Pantalon de sport pour femme bordeaux Joma GRATUIT 900214.650\/900214.650<br \/>\nMat\u00e9riau : 90 % polyester, 10 % \u00e9lasthanne.<\/p>\n<p>La ligne Free est con\u00e7ue pour les femmes qui ont besoin de commodit\u00e9, d&rsquo;un ajustement optimal et d&rsquo;un design moderne. Pantalon de sport en polyester et \u00e9lasthanne. Le polyester ajoute de la r\u00e9sistance et de la durabilit\u00e9, tandis que l&rsquo;\u00e9lasthanne offre \u00e9lasticit\u00e9 et libert\u00e9 de mouvement. Ceinture \u00e9lastique avec dentelle.<\/p>\n","protected":false},"excerpt":{"rendered":"<p>Pantalon de sport pour femme bordeaux Joma GRATUIT 900214.650\/900214.650 Mat\u00e9riau : 90 % polyester, 10 % \u00e9lasthanne. La ligne Free est con\u00e7ue pour les femmes qui ont besoin de commodit\u00e9, d&rsquo;un ajustement optimal et d&rsquo;un design moderne. Pantalon de sport en polyester et \u00e9lasthanne. Le polyester ajoute de la r\u00e9sistance et de la durabilit\u00e9, tandis [&hellip;]<\/p>\n","protected":false},"featured_media":34664,"template":"","meta":[],"product_brand":[],"product_cat":[42,58],"product_tag":[],"class_list":{"0":"post-29590","1":"product","2":"type-product","3":"status-publish","4":"has-post-thumbnail","6":"product_cat-femme","7":"product_cat-bermudas-et-shorts","8":"pa_couleur-morado","9":"pa_taille-s","10":"pa_taille-xl","12":"first","13":"outofstock","14":"purchasable","15":"product-type-variable"},"_links":{"self":[{"href":"https:\/\/accrosport.tn\/index.php\/wp-json\/wp\/v2\/product\/29590","targetHints":{"allow":["GET"]}}],"collection":[{"href":"https:\/\/accrosport.tn\/index.php\/wp-json\/wp\/v2\/product"}],"about":[{"href":"https:\/\/accrosport.tn\/index.php\/wp-json\/wp\/v2\/types\/product"}],"wp:featuredmedia":[{"embeddable":true,"href":"https:\/\/accrosport.tn\/index.php\/wp-json\/wp\/v2\/media\/34664"}],"wp:attachment":[{"href":"https:\/\/accrosport.tn\/index.php\/wp-json\/wp\/v2\/media?parent=29590"}],"wp:term":[{"taxonomy":"product_brand","embeddable":true,"href":"https:\/\/accrosport.tn\/index.php\/wp-json\/wp\/v2\/product_brand?post=29590"},{"taxonomy":"product_cat","embeddable":true,"href":"https:\/\/accrosport.tn\/index.php\/wp-json\/wp\/v2\/product_cat?post=29590"},{"taxonomy":"product_tag","embeddable":true,"href":"https:\/\/accrosport.tn\/index.php\/wp-json\/wp\/v2\/product_tag?post=29590"}],"curies":[{"name":"wp","href":"https:\/\/api.w.org\/{rel}","templated":true}]}}