{"id":29570,"date":"2025-09-26T14:15:00","date_gmt":"2025-09-26T14:15:00","guid":{"rendered":"https:\/\/accrosport.tn\/index.php\/product\/camiseta-katy-marino-blanco-s\/"},"modified":"2025-10-28T16:15:12","modified_gmt":"2025-10-28T16:15:12","slug":"camiseta-katy-marino-blanco-s","status":"publish","type":"product","link":"https:\/\/accrosport.tn\/index.php\/product\/camiseta-katy-marino-blanco-s\/","title":{"rendered":"T-shirt sans manches KATY"},"content":{"rendered":"<p>Un T-shirt sans manches qui s&rsquo;adapte parfaitement \u00e0 la silhouette. Le polyester interlock ajoute une r\u00e9sistance et une commodit\u00e9 suppl\u00e9mentaires sans absorber l&rsquo;humidit\u00e9 et sans permettre un s\u00e9chage rapide.<\/p>\n","protected":false},"excerpt":{"rendered":"<p>Un T-shirt sans manches qui s&rsquo;adapte parfaitement \u00e0 la silhouette. Le polyester interlock ajoute une r\u00e9sistance et une commodit\u00e9 suppl\u00e9mentaires sans absorber l&rsquo;humidit\u00e9 et sans permettre un s\u00e9chage rapide.<\/p>\n","protected":false},"featured_media":34682,"template":"","meta":[],"product_brand":[],"product_cat":[42,56],"product_tag":[],"class_list":{"0":"post-29570","1":"product","2":"type-product","3":"status-publish","4":"has-post-thumbnail","6":"product_cat-femme","7":"product_cat-polos-et-t-shirt","8":"pa_couleur-marino","9":"pa_taille-l","10":"pa_taille-m","11":"pa_taille-s","12":"pa_taille-xl","14":"first","15":"outofstock","16":"purchasable","17":"product-type-variable"},"_links":{"self":[{"href":"https:\/\/accrosport.tn\/index.php\/wp-json\/wp\/v2\/product\/29570","targetHints":{"allow":["GET"]}}],"collection":[{"href":"https:\/\/accrosport.tn\/index.php\/wp-json\/wp\/v2\/product"}],"about":[{"href":"https:\/\/accrosport.tn\/index.php\/wp-json\/wp\/v2\/types\/product"}],"wp:featuredmedia":[{"embeddable":true,"href":"https:\/\/accrosport.tn\/index.php\/wp-json\/wp\/v2\/media\/34682"}],"wp:attachment":[{"href":"https:\/\/accrosport.tn\/index.php\/wp-json\/wp\/v2\/media?parent=29570"}],"wp:term":[{"taxonomy":"product_brand","embeddable":true,"href":"https:\/\/accrosport.tn\/index.php\/wp-json\/wp\/v2\/product_brand?post=29570"},{"taxonomy":"product_cat","embeddable":true,"href":"https:\/\/accrosport.tn\/index.php\/wp-json\/wp\/v2\/product_cat?post=29570"},{"taxonomy":"product_tag","embeddable":true,"href":"https:\/\/accrosport.tn\/index.php\/wp-json\/wp\/v2\/product_tag?post=29570"}],"curies":[{"name":"wp","href":"https:\/\/api.w.org\/{rel}","templated":true}]}}