{"id":29560,"date":"2025-09-26T14:14:54","date_gmt":"2025-09-26T14:14:54","guid":{"rendered":"https:\/\/accrosport.tn\/index.php\/product\/luxor-pirate-pants-black\/"},"modified":"2025-10-29T08:53:58","modified_gmt":"2025-10-29T08:53:58","slug":"luxor-pirate-pants-black","status":"publish","type":"product","link":"https:\/\/accrosport.tn\/index.php\/product\/luxor-pirate-pants-black\/","title":{"rendered":"Pantalon 3\/4 homme Luxor noir"},"content":{"rendered":"<p>Pantacourt pour homme et gar\u00e7on. Tr\u00e8s confortable et pratique pour le sport, mais aussi pour la vie de tous les jours. Portez-le \u00e0 votre guise : pour l\u2019entra\u00eenement de football ou de handball, ou associez-le \u00e0 un haut pour un look confortable de tous les jours.<\/p>\n<p>Ceinture \u00e9lastique pour un ajustement parfait et un bon maintien de la taille.<\/p>\n<p>Fabriqu\u00e9 dans un tissu doux, confortable et de haute qualit\u00e9. Bonne r\u00e9sistance \u00e0 l\u2019abrasion pour augmenter la durabilit\u00e9 de ce pantalon 3\/4.<\/p>\n<p>Logo Joma personnalis\u00e9 en imprim\u00e9.<\/p>\n<ul class=\"featuresul\">\n<li>Ceinture \u00e9lastique<\/li>\n<li>Tissu confortable<\/li>\n<li>Libert\u00e9 de mouvement<\/li>\n<li>Type de coupe : r\u00e9guli\u00e8re<\/li>\n<li>100% Polyester<\/li>\n<\/ul>\n","protected":false},"excerpt":{"rendered":"<p>Pantalon corsaire de foot et de hand pour homme\/gar\u00e7on. S&rsquo;adapte \u00e0 la silhouette et procure une sensation de confort pendant les matchs. Tissu r\u00e9sistant qui garantit une longue dur\u00e9e de vie au v\u00eatement.<\/p>\n","protected":false},"featured_media":34721,"template":"","meta":[],"product_brand":[],"product_cat":[15],"product_tag":[],"class_list":{"0":"post-29560","1":"product","2":"type-product","3":"status-publish","4":"has-post-thumbnail","6":"product_cat-fitness","7":"pa_couleur-negro","8":"pa_taille-m","9":"pa_taille-s","10":"pa_taille-xl","12":"first","13":"outofstock","14":"purchasable","15":"product-type-variable"},"_links":{"self":[{"href":"https:\/\/accrosport.tn\/index.php\/wp-json\/wp\/v2\/product\/29560","targetHints":{"allow":["GET"]}}],"collection":[{"href":"https:\/\/accrosport.tn\/index.php\/wp-json\/wp\/v2\/product"}],"about":[{"href":"https:\/\/accrosport.tn\/index.php\/wp-json\/wp\/v2\/types\/product"}],"wp:featuredmedia":[{"embeddable":true,"href":"https:\/\/accrosport.tn\/index.php\/wp-json\/wp\/v2\/media\/34721"}],"wp:attachment":[{"href":"https:\/\/accrosport.tn\/index.php\/wp-json\/wp\/v2\/media?parent=29560"}],"wp:term":[{"taxonomy":"product_brand","embeddable":true,"href":"https:\/\/accrosport.tn\/index.php\/wp-json\/wp\/v2\/product_brand?post=29560"},{"taxonomy":"product_cat","embeddable":true,"href":"https:\/\/accrosport.tn\/index.php\/wp-json\/wp\/v2\/product_cat?post=29560"},{"taxonomy":"product_tag","embeddable":true,"href":"https:\/\/accrosport.tn\/index.php\/wp-json\/wp\/v2\/product_tag?post=29560"}],"curies":[{"name":"wp","href":"https:\/\/api.w.org\/{rel}","templated":true}]}}