{"id":29549,"date":"2025-09-26T14:14:54","date_gmt":"2025-09-26T14:14:54","guid":{"rendered":"https:\/\/accrosport.tn\/index.php\/product\/sudadera-california-rosa\/"},"modified":"2025-10-29T08:20:57","modified_gmt":"2025-10-29T08:20:57","slug":"sudadera-california-rosa","status":"publish","type":"product","link":"https:\/\/accrosport.tn\/index.php\/product\/sudadera-california-rosa\/","title":{"rendered":"Sweat-shirt femme California rose"},"content":{"rendered":"<p>Sweat-shirt court avec col, taille et poignets c\u00f4tel\u00e9s pour plus de confort.<\/p>\n<ul class=\"featuresul\">\n<li>Crop<\/li>\n<li>Bas et poignets en jersey c\u00f4tel\u00e9<\/li>\n<li>Col en jersey c\u00f4tel\u00e9<\/li>\n<li>Tissu doux et confortable<\/li>\n<li>Bandes de couleur contrast\u00e9es<\/li>\n<li>Libert\u00e9 de mouvement<\/li>\n<li>Type de coupe : r\u00e9guli\u00e8re<\/li>\n<li>80% Coton, 20% Polyester<\/li>\n<\/ul>\n","protected":false},"excerpt":{"rendered":"<p>Sweat-shirt tendance crop \u00e0 \u00e9paules tombantes fille. Look urbain \u00e0 porter en toute occasion. Ce sweat est \u00e9galement chaud et confortable.<\/p>\n","protected":false},"featured_media":34709,"template":"","meta":[],"product_brand":[],"product_cat":[42,56],"product_tag":[],"class_list":{"0":"post-29549","1":"product","2":"type-product","3":"status-publish","4":"has-post-thumbnail","6":"product_cat-femme","7":"product_cat-polos-et-t-shirt","8":"pa_couleur-rosa","9":"pa_taille-l","10":"pa_taille-m","11":"pa_taille-s","13":"first","14":"outofstock","15":"purchasable","16":"product-type-variable"},"_links":{"self":[{"href":"https:\/\/accrosport.tn\/index.php\/wp-json\/wp\/v2\/product\/29549","targetHints":{"allow":["GET"]}}],"collection":[{"href":"https:\/\/accrosport.tn\/index.php\/wp-json\/wp\/v2\/product"}],"about":[{"href":"https:\/\/accrosport.tn\/index.php\/wp-json\/wp\/v2\/types\/product"}],"wp:featuredmedia":[{"embeddable":true,"href":"https:\/\/accrosport.tn\/index.php\/wp-json\/wp\/v2\/media\/34709"}],"wp:attachment":[{"href":"https:\/\/accrosport.tn\/index.php\/wp-json\/wp\/v2\/media?parent=29549"}],"wp:term":[{"taxonomy":"product_brand","embeddable":true,"href":"https:\/\/accrosport.tn\/index.php\/wp-json\/wp\/v2\/product_brand?post=29549"},{"taxonomy":"product_cat","embeddable":true,"href":"https:\/\/accrosport.tn\/index.php\/wp-json\/wp\/v2\/product_cat?post=29549"},{"taxonomy":"product_tag","embeddable":true,"href":"https:\/\/accrosport.tn\/index.php\/wp-json\/wp\/v2\/product_tag?post=29549"}],"curies":[{"name":"wp","href":"https:\/\/api.w.org\/{rel}","templated":true}]}}