{"id":29544,"date":"2025-09-26T14:14:54","date_gmt":"2025-09-26T14:14:54","guid":{"rendered":"https:\/\/accrosport.tn\/index.php\/product\/daphne-long-tights\/"},"modified":"2025-10-29T08:09:45","modified_gmt":"2025-10-29T08:09:45","slug":"daphne-long-tights","status":"publish","type":"product","link":"https:\/\/accrosport.tn\/index.php\/product\/daphne-long-tights\/","title":{"rendered":"Legging long femme Daphne noir blanc"},"content":{"rendered":"<p>Legging long \u00e0 poche int\u00e9rieure dans la ceinture. Coutures plates pour \u00e9viter tout type de frottement et offrir un maximum de confort.<\/p>\n","protected":false},"excerpt":{"rendered":"<p>Legging long de running femme. Tr\u00e8s confortable pour vos sorties. Grande capacit\u00e9 \u00e9lastique qui permet de s&rsquo;adapter au corps et de lui assurer un bon maintien.<\/p>\n","protected":false},"featured_media":34699,"template":"","meta":[],"product_brand":[],"product_cat":[42,58],"product_tag":[],"class_list":{"0":"post-29544","1":"product","2":"type-product","3":"status-publish","4":"has-post-thumbnail","6":"product_cat-femme","7":"product_cat-bermudas-et-shorts","8":"pa_couleur-negro-blanco","9":"pa_taille-l","11":"first","12":"instock","13":"purchasable","14":"product-type-simple"},"_links":{"self":[{"href":"https:\/\/accrosport.tn\/index.php\/wp-json\/wp\/v2\/product\/29544","targetHints":{"allow":["GET"]}}],"collection":[{"href":"https:\/\/accrosport.tn\/index.php\/wp-json\/wp\/v2\/product"}],"about":[{"href":"https:\/\/accrosport.tn\/index.php\/wp-json\/wp\/v2\/types\/product"}],"wp:featuredmedia":[{"embeddable":true,"href":"https:\/\/accrosport.tn\/index.php\/wp-json\/wp\/v2\/media\/34699"}],"wp:attachment":[{"href":"https:\/\/accrosport.tn\/index.php\/wp-json\/wp\/v2\/media?parent=29544"}],"wp:term":[{"taxonomy":"product_brand","embeddable":true,"href":"https:\/\/accrosport.tn\/index.php\/wp-json\/wp\/v2\/product_brand?post=29544"},{"taxonomy":"product_cat","embeddable":true,"href":"https:\/\/accrosport.tn\/index.php\/wp-json\/wp\/v2\/product_cat?post=29544"},{"taxonomy":"product_tag","embeddable":true,"href":"https:\/\/accrosport.tn\/index.php\/wp-json\/wp\/v2\/product_tag?post=29544"}],"curies":[{"name":"wp","href":"https:\/\/api.w.org\/{rel}","templated":true}]}}