{"id":29524,"date":"2025-09-26T14:14:48","date_gmt":"2025-09-26T14:14:48","guid":{"rendered":"https:\/\/accrosport.tn\/index.php\/product\/pala-de-padel-tournament-pro-negro-rojo\/"},"modified":"2026-01-17T08:46:35","modified_gmt":"2026-01-17T08:46:35","slug":"pala-de-padel-tournament-pro-negro-rojo","status":"publish","type":"product","link":"https:\/\/accrosport.tn\/index.php\/product\/pala-de-padel-tournament-pro-negro-rojo\/","title":{"rendered":"Raquette de padel TOURNAMENT PRO noir rouge"},"content":{"rendered":"<p>Raquette de padel haut de gamme. Le mod\u00e8le Tournament Pro a une forme hybride, ce qui le rend parfait pour les joueurs experts recherchant \u00e0 la fois puissance et contr\u00f4le dans leurs coups. Il permet de marquer des points et d&rsquo;obtenir des performances maximales dans le jeu.<\/p>\n<p>Le noyau est fabriqu\u00e9 en FLEXO Black EVA haute densit\u00e9. La face en fibre de carbone FLEXSHIELD 3k la rend plus rigide et garantit donc des performances \u00e9lev\u00e9es \u00e0 chaque point. De plus, elle int\u00e8gre des plans ROTATION en relief pour la rendre encore plus puissante. D&rsquo;autre part, le cadre 100% fibre de carbone EXO COUNTER garantit la durabilit\u00e9 et la rigidit\u00e9 de la raquette.<\/p>\n<p>Le pont VIBRA-OUT r\u00e9duit de 40% les vibrations caus\u00e9es par l&rsquo;impact de la balle.<\/p>\n<p>La poign\u00e9e de forme octogonale extra-longue assure un confort d&rsquo;utilisation et g\u00e9n\u00e8re plus d&rsquo;inertie dans les coups d&rsquo;acc\u00e9l\u00e9ration.<\/p>\n<ul class=\"featuresul\">\n<li>Poids : 350 &#8211; 360 gr<\/li>\n<li>Forme: hybride<\/li>\n<li>Gamme : haut de gamme &#8211; professionnel<\/li>\n<li>Noyau : EVA NOIR<\/li>\n<li>Face : fibre de carbone 3k<\/li>\n<li>Cadre : fibre de carbone<\/li>\n<li>\u00c9paisseur : 38 mm<\/li>\n<li>Contr\u00f4le : {0}%<\/li>\n<li>Puissance : {0}%<\/li>\n<li>\u00c9quilibre: \u00e9lev\u00e9<\/li>\n<li>Inclus une housse : oui<\/li>\n<li>Tubulaire 100% Fibre de carbone \/ Plat 100% Fibre de carbone 3K \/ Rembourr\u00e9 100% EVA<\/li>\n<\/ul>\n","protected":false},"excerpt":{"rendered":"<p>Pelle de paddle destin\u00e9e aux joueurs professionnels. Sa forme hybride permet d&rsquo;atteindre l&rsquo;\u00e9quilibre entre puissance et contr\u00f4le. De plus, le noyau en fibre de carbone 3k apporte une plus grande rigidit\u00e9, entour\u00e9 d&rsquo;un cadre en fibre de carbone qui assure la durabilit\u00e9 de la pelle.<\/p>\n","protected":false},"featured_media":34732,"template":"","meta":[],"product_brand":[],"product_cat":[45,282,291],"product_tag":[],"class_list":{"0":"post-29524","1":"product","2":"type-product","3":"status-publish","4":"has-post-thumbnail","6":"product_cat-accessoires","7":"product_cat-padel-accessoires","8":"product_cat-raquettes","9":"pa_couleur-black-red","10":"pa_taille-one-size","12":"first","13":"instock","14":"sale","15":"purchasable","16":"product-type-simple"},"_links":{"self":[{"href":"https:\/\/accrosport.tn\/index.php\/wp-json\/wp\/v2\/product\/29524","targetHints":{"allow":["GET"]}}],"collection":[{"href":"https:\/\/accrosport.tn\/index.php\/wp-json\/wp\/v2\/product"}],"about":[{"href":"https:\/\/accrosport.tn\/index.php\/wp-json\/wp\/v2\/types\/product"}],"wp:featuredmedia":[{"embeddable":true,"href":"https:\/\/accrosport.tn\/index.php\/wp-json\/wp\/v2\/media\/34732"}],"wp:attachment":[{"href":"https:\/\/accrosport.tn\/index.php\/wp-json\/wp\/v2\/media?parent=29524"}],"wp:term":[{"taxonomy":"product_brand","embeddable":true,"href":"https:\/\/accrosport.tn\/index.php\/wp-json\/wp\/v2\/product_brand?post=29524"},{"taxonomy":"product_cat","embeddable":true,"href":"https:\/\/accrosport.tn\/index.php\/wp-json\/wp\/v2\/product_cat?post=29524"},{"taxonomy":"product_tag","embeddable":true,"href":"https:\/\/accrosport.tn\/index.php\/wp-json\/wp\/v2\/product_tag?post=29524"}],"curies":[{"name":"wp","href":"https:\/\/api.w.org\/{rel}","templated":true}]}}