{"id":29523,"date":"2025-09-26T14:14:48","date_gmt":"2025-09-26T14:14:48","guid":{"rendered":"https:\/\/accrosport.tn\/index.php\/product\/pala-de-padel-slam-pro-negro-plata\/"},"modified":"2026-03-11T12:46:31","modified_gmt":"2026-03-11T12:46:31","slug":"pala-de-padel-slam-pro-negro-plata","status":"publish","type":"product","link":"https:\/\/accrosport.tn\/index.php\/product\/pala-de-padel-slam-pro-negro-plata\/","title":{"rendered":"Raquette de padel SLAM PRO noir argent"},"content":{"rendered":"<p>Raquette de paddle haut de gamme. La raquette Slam Pro a \u00e9t\u00e9 d\u00e9velopp\u00e9e pour les joueurs professionnels qui veulent maximiser leur puissance de jeu tout en conservant le contr\u00f4le. Avec un design enti\u00e8rement renouvel\u00e9 mettant en avant des impressions en argent holographique, alliant \u00e9l\u00e9gance pure et technologie.<\/p>\n<p>Ce mod\u00e8le hybride \u00e9quilibre puissance et contr\u00f4le et est con\u00e7u pour marquer des points et obtenir des performances maximales. Le noyau est fabriqu\u00e9 en FLEXO Black EVA \u00e0 haute densit\u00e9. La face en fibre de carbone FLEXSHIELD 3k la rend plus rigide et garantit des performances \u00e9lev\u00e9es \u00e0 chaque point. De plus, elle int\u00e8gre des plans ROTATION en relief pour la rendre encore plus puissante. D&rsquo;autre part, le cadre 100% en fibre de carbone EXO COUNTER garantit la durabilit\u00e9 et la rigidit\u00e9 de la raquette.<\/p>\n<p>Le pont VIBRA-OUT r\u00e9duit de 40% les vibrations caus\u00e9es par la frappe de la balle.<\/p>\n<p>La poign\u00e9e de forme octogonale assure une utilisation confortable.<\/p>\n<ul class=\"featuresul\">\n<li>Poids : 350 &#8211; 360 gr<\/li>\n<li>Forme : diamant<\/li>\n<li>Gamme : haut de gamme &#8211; professionnel<\/li>\n<li>Noyau : EVA NOIR<\/li>\n<li>Face : fibre de carbone 3k<\/li>\n<li>Cadre : fibre de carbone<\/li>\n<li>\u00c9paisseur : 38 mm<\/li>\n<li>Contr\u00f4le : {0}%<\/li>\n<li>Puissance : {0}%<\/li>\n<li>\u00c9quilibre: \u00e9lev\u00e9<\/li>\n<li>Inclus une housse : oui<\/li>\n<li>Tubulaire 100% Fibre de carbone \/ Plat 100% Fibre de carbone 3K \/ Rembourr\u00e9 100% EVA<\/li>\n<\/ul>\n","protected":false},"excerpt":{"rendered":"<p>Pelle de padel avec une forme hybride. Cette pelle est con\u00e7ue pour les joueurs experts qui veulent atteindre un \u00e9quilibre entre puissance et contr\u00f4le. C&rsquo;est pourquoi nous avons fabriqu\u00e9 le noyau en fibre de carbone 3k. Plus rigide et avec un cadre qui assure la durabilit\u00e9 de la pelle.<\/p>\n","protected":false},"featured_media":34729,"template":"","meta":[],"product_brand":[],"product_cat":[45,282,291],"product_tag":[],"class_list":{"0":"post-29523","1":"product","2":"type-product","3":"status-publish","4":"has-post-thumbnail","6":"product_cat-accessoires","7":"product_cat-padel-accessoires","8":"product_cat-raquettes","9":"pa_couleur-black-silver","10":"pa_taille-one-size","12":"first","13":"instock","14":"sale","15":"purchasable","16":"product-type-simple"},"_links":{"self":[{"href":"https:\/\/accrosport.tn\/index.php\/wp-json\/wp\/v2\/product\/29523","targetHints":{"allow":["GET"]}}],"collection":[{"href":"https:\/\/accrosport.tn\/index.php\/wp-json\/wp\/v2\/product"}],"about":[{"href":"https:\/\/accrosport.tn\/index.php\/wp-json\/wp\/v2\/types\/product"}],"wp:featuredmedia":[{"embeddable":true,"href":"https:\/\/accrosport.tn\/index.php\/wp-json\/wp\/v2\/media\/34729"}],"wp:attachment":[{"href":"https:\/\/accrosport.tn\/index.php\/wp-json\/wp\/v2\/media?parent=29523"}],"wp:term":[{"taxonomy":"product_brand","embeddable":true,"href":"https:\/\/accrosport.tn\/index.php\/wp-json\/wp\/v2\/product_brand?post=29523"},{"taxonomy":"product_cat","embeddable":true,"href":"https:\/\/accrosport.tn\/index.php\/wp-json\/wp\/v2\/product_cat?post=29523"},{"taxonomy":"product_tag","embeddable":true,"href":"https:\/\/accrosport.tn\/index.php\/wp-json\/wp\/v2\/product_tag?post=29523"}],"curies":[{"name":"wp","href":"https:\/\/api.w.org\/{rel}","templated":true}]}}