{"id":29522,"date":"2025-09-26T14:14:48","date_gmt":"2025-09-26T14:14:48","guid":{"rendered":"https:\/\/accrosport.tn\/index.php\/product\/pala-de-padel-gold-pro-verde-amarillo\/"},"modified":"2026-01-17T08:31:43","modified_gmt":"2026-01-17T08:31:43","slug":"pala-de-padel-gold-pro-verde-amarillo","status":"publish","type":"product","link":"https:\/\/accrosport.tn\/index.php\/product\/pala-de-padel-gold-pro-verde-amarillo\/","title":{"rendered":"Raquette de padel Gold Pro vert jaune"},"content":{"rendered":"<p>Raquette de padel haut de gamme. D\u00e9velopp\u00e9e pour les joueurs professionnels qui cherchent \u00e0 marquer des points et \u00e0 tirer le meilleur parti de leur jeu. Mod\u00e8le am\u00e9lior\u00e9, plus l\u00e9ger.<\/p>\n<p>La pagaie Gold Pro est un mod\u00e8le en forme de diamant avec un noyau en FLEXO Black EVA haute densit\u00e9. La face en fibre de carbone FLEXSHIELD 3k la rend plus rigide et garantit ainsi des performances \u00e9lev\u00e9es \u00e0 chaque point. De plus, elle int\u00e8gre des plans ROTATION en relief pour la rendre encore plus puissante. D&rsquo;autre part, le cadre en fibre de carbone EXO COUNTER garantit la durabilit\u00e9 et la rigidit\u00e9 de la pagaie.<\/p>\n<p>Le pont VIBRA-OUT r\u00e9duit de 40% les vibrations caus\u00e9es par la frappe de la balle.<\/p>\n<p>La poign\u00e9e de forme octogonale extra-longue assure une utilisation confortable et g\u00e9n\u00e8re plus d&rsquo;inertie dans les coups d&rsquo;acc\u00e9l\u00e9ration.<\/p>\n<ul class=\"featuresul\">\n<li>Poids : 350 &#8211; 360 gr<\/li>\n<li>Forme : diamant<\/li>\n<li>Gamme : haut de gamme &#8211; professionnel<\/li>\n<li>Noyau : EVA NOIR<\/li>\n<li>Face : fibre de carbone 3k<\/li>\n<li>Cadre : fibre de carbone<\/li>\n<li>\u00c9paisseur : 38 mm<\/li>\n<li>\u00c9quilibre: \u00e9lev\u00e9<\/li>\n<li>Inclus une housse : oui<\/li>\n<li>Tubulaire 100% Fibre de carbone \/ Plat 100% Fibre de carbone 3K \/ Rembourr\u00e9 100% EVA<\/li>\n<\/ul>\n","protected":false},"excerpt":{"rendered":"<p>Raquette de paddle en forme de diamant, d\u00e9velopp\u00e9e pour les joueurs professionnels recherchant la puissance maximale dans leurs coups. Fabriqu\u00e9e avec un noyau en fibre de carbone 3k pour une rigidit\u00e9 accrue et avec un cadre assurant la durabilit\u00e9 de la pelle. Version am\u00e9lior\u00e9e, plus l\u00e9g\u00e8re que son pr\u00e9d\u00e9cesseur.<\/p>\n","protected":false},"featured_media":34725,"template":"","meta":[],"product_brand":[414],"product_cat":[45,282,291],"product_tag":[],"class_list":{"0":"post-29522","1":"product","2":"type-product","3":"status-publish","4":"has-post-thumbnail","6":"product_brand-joma","7":"product_cat-accessoires","8":"product_cat-padel-accessoires","9":"product_cat-raquettes","10":"pa_couleur-green-yellow","11":"pa_taille-one-size","13":"first","14":"instock","15":"sale","16":"purchasable","17":"product-type-simple"},"_links":{"self":[{"href":"https:\/\/accrosport.tn\/index.php\/wp-json\/wp\/v2\/product\/29522","targetHints":{"allow":["GET"]}}],"collection":[{"href":"https:\/\/accrosport.tn\/index.php\/wp-json\/wp\/v2\/product"}],"about":[{"href":"https:\/\/accrosport.tn\/index.php\/wp-json\/wp\/v2\/types\/product"}],"wp:featuredmedia":[{"embeddable":true,"href":"https:\/\/accrosport.tn\/index.php\/wp-json\/wp\/v2\/media\/34725"}],"wp:attachment":[{"href":"https:\/\/accrosport.tn\/index.php\/wp-json\/wp\/v2\/media?parent=29522"}],"wp:term":[{"taxonomy":"product_brand","embeddable":true,"href":"https:\/\/accrosport.tn\/index.php\/wp-json\/wp\/v2\/product_brand?post=29522"},{"taxonomy":"product_cat","embeddable":true,"href":"https:\/\/accrosport.tn\/index.php\/wp-json\/wp\/v2\/product_cat?post=29522"},{"taxonomy":"product_tag","embeddable":true,"href":"https:\/\/accrosport.tn\/index.php\/wp-json\/wp\/v2\/product_tag?post=29522"}],"curies":[{"name":"wp","href":"https:\/\/api.w.org\/{rel}","templated":true}]}}