{"id":29521,"date":"2025-09-26T14:14:41","date_gmt":"2025-09-26T14:14:41","guid":{"rendered":"https:\/\/accrosport.tn\/index.php\/product\/paletero-pro-negro-rojo\/"},"modified":"2026-03-11T12:46:30","modified_gmt":"2026-03-11T12:46:30","slug":"paletero-pro-negro-rojo","status":"publish","type":"product","link":"https:\/\/accrosport.tn\/index.php\/product\/paletero-pro-negro-rojo\/","title":{"rendered":"Sac padel PRO noir rouge"},"content":{"rendered":"<p>Sac de padel. D\u00e9velopp\u00e9 pour ranger en toute s\u00e9curit\u00e9 et transporter confortablement les raquettes gr\u00e2ce \u00e0 son mat\u00e9riau r\u00e9sistant \u00e0 l&rsquo;usure et aux infiltrations d&rsquo;eau. Il comprend un grand compartiment principal avec double fermeture \u00e0 glissi\u00e8re et poign\u00e9e. Il dispose \u00e9galement d&rsquo;un compartiment \u00e0 chaussures pour transporter les chaussures en toute s\u00e9curit\u00e9, et d&rsquo;une petite poche ext\u00e9rieure avec fermeture \u00e0 glissi\u00e8re pour ranger de petits objets. \u00c9quip\u00e9 de bretelles r\u00e9glables pour le porter en sac \u00e0 dos. Et avec des pi\u00e8ces de support sur le bas pour limiter les frottements avec la surface. Logos Joma P\u00e1del en impression.<\/p>\n<ul class=\"featuresul\">\n<li>Fermeture zip<\/li>\n<li>Mat\u00e9riau r\u00e9sistant<\/li>\n<li>Poche principale<\/li>\n<li>Poche lat\u00e9rale suppl\u00e9mentaire pour raquette<\/li>\n<li>Housse \u00e0 raquettes<\/li>\n<li>Sangles r\u00e9glables<\/li>\n<li>100% Polyester<\/li>\n<\/ul>\n","protected":false},"excerpt":{"rendered":"<p>Sac de padel. D\u00e9velopp\u00e9 pour ranger en toute s\u00e9curit\u00e9 et transporter confortablement les raquettes gr\u00e2ce \u00e0 son mat\u00e9riau r\u00e9sistant \u00e0 l&rsquo;usure et aux infiltrations d&rsquo;eau.<\/p>\n","protected":false},"featured_media":34928,"template":"","meta":[],"product_brand":[],"product_cat":[45,72],"product_tag":[],"class_list":{"0":"post-29521","1":"product","2":"type-product","3":"status-publish","4":"has-post-thumbnail","6":"product_cat-accessoires","7":"product_cat-sac-a-dos","8":"pa_couleur-black-red","9":"pa_taille-one-size","11":"first","12":"instock","13":"purchasable","14":"product-type-simple"},"_links":{"self":[{"href":"https:\/\/accrosport.tn\/index.php\/wp-json\/wp\/v2\/product\/29521","targetHints":{"allow":["GET"]}}],"collection":[{"href":"https:\/\/accrosport.tn\/index.php\/wp-json\/wp\/v2\/product"}],"about":[{"href":"https:\/\/accrosport.tn\/index.php\/wp-json\/wp\/v2\/types\/product"}],"wp:featuredmedia":[{"embeddable":true,"href":"https:\/\/accrosport.tn\/index.php\/wp-json\/wp\/v2\/media\/34928"}],"wp:attachment":[{"href":"https:\/\/accrosport.tn\/index.php\/wp-json\/wp\/v2\/media?parent=29521"}],"wp:term":[{"taxonomy":"product_brand","embeddable":true,"href":"https:\/\/accrosport.tn\/index.php\/wp-json\/wp\/v2\/product_brand?post=29521"},{"taxonomy":"product_cat","embeddable":true,"href":"https:\/\/accrosport.tn\/index.php\/wp-json\/wp\/v2\/product_cat?post=29521"},{"taxonomy":"product_tag","embeddable":true,"href":"https:\/\/accrosport.tn\/index.php\/wp-json\/wp\/v2\/product_tag?post=29521"}],"curies":[{"name":"wp","href":"https:\/\/api.w.org\/{rel}","templated":true}]}}